{"id":4704,"date":"2016-06-13T16:11:07","date_gmt":"2016-06-13T16:11:07","guid":{"rendered":"https:\/\/doublecare-medical.com\/nosotros\/"},"modified":"2024-12-02T09:35:07","modified_gmt":"2024-12-02T12:35:07","slug":"nosotros","status":"publish","type":"page","link":"https:\/\/doublecare-medical.com\/pt-br\/nosotros\/","title":{"rendered":"Sobre n\u00f3s"},"content":{"rendered":"<div class=\"wpb-content-wrapper\"><p>[vc_row][vc_column][vc_column_text][\/vc_column_text][\/vc_column][\/vc_row][vc_row full_width=&#8221;stretch_row&#8221; wrap_container=&#8221;yes&#8221; el_class=&#8221;sec-top&#8221; css=&#8221;.vc_custom_1600521245028{margin-top: 0px !important;margin-bottom: 0px !important;padding-bottom: 0px !important;}&#8221;][vc_column][vc_row_inner content_placement=&#8221;middle&#8221; css_params=&#8221;&#8221;][vc_column_inner width=&#8221;2\/3&#8243;][vc_column_text css=&#8221;&#8221; css_params=&#8221;&#8221;]A Double Care Medical Technology Co., Ltd. \u00e9 uma fabricante especializada em equipamentos m\u00e9dicos e de reabilita\u00e7\u00e3o. Produzimos cadeiras de rodas, banheiros port\u00e1teis, andadores, bengalas e muletas, cadeiras de banho, aparelhos para dormir e muito mais. Nossa empresa est\u00e1 localizada no cora\u00e7\u00e3o da prov\u00edncia de Guangdong, no sul da China, e temos uma planta de produ\u00e7\u00e3o de 70.000 metros quadrados, usando a mais recente tecnologia para projetar e fabricar produtos da mais alta qualidade. Nossa \u00eanfase e investimento no desenvolvimento de produtos nos diferencia de outros fabricantes de equipamentos m\u00e9dicos, e nossos engenheiros especializados re\u00fanem conhecimento de mercado e inova\u00e7\u00e3o para aprimorar os requisitos dos clientes e garantir sua satisfa\u00e7\u00e3o.<\/p>\n<p>Introduzimos os mais recentes sistemas ERP que nos permitem oferecer um servi\u00e7o de fabrica\u00e7\u00e3o totalmente integrado, ajudando-nos a globalizar nossos neg\u00f3cios e a atender aos requisitos das normas ISO 9001 e ISO 13485. Tamb\u00e9m garantimos que toda a nossa linha de produtos esteja em conformidade com os padr\u00f5es de certifica\u00e7\u00e3o da FDA dos EUA e com os padr\u00f5es exigidos pela Uni\u00e3o Europeia para a certifica\u00e7\u00e3o CE.<\/p>\n<p>O fundador Kevin Yin tem mais de 25 anos de experi\u00eancia na fabrica\u00e7\u00e3o de produtos para a \u00e1rea de sa\u00fade e traz uma grande quantidade de conhecimento para a empresa. Nossa experi\u00eancia \u00e9 inigual\u00e1vel e garantimos um compromisso de 100% com a entrega de produtos de alta qualidade dentro do prazo.<\/p>\n<p><strong>Damos as boas-vindas a todos os clientes internacionais e esperamos estabelecer parcerias de sucesso em todo o mundo. Nossa reputa\u00e7\u00e3o de qualidade \u00e9 excepcional.<\/strong>[\/vc_column_text][\/vc_column_inner][vc_column_inner el_class=&#8221;imgnosotros&#8221; width=&#8221;1\/3&#8243;][vc_single_image image=&#8221;4419&#8243; img_size=&#8221;full&#8221; alignment=&#8221;center&#8221; css=&#8221;&#8221; css_params=&#8221;&#8221;][\/vc_column_inner][\/vc_row_inner][vc_row_inner disable_element=&#8221;yes&#8221; el_class=&#8221;galeria&#8221; css=&#8221;.vc_custom_1729694503106{padding-right: 1% !important;padding-left: 1% !important;}&#8221; css_params=&#8221;&#8221;][vc_column_inner width=&#8221;1\/4&#8243; css=&#8221;.vc_custom_1600024440729{padding-right: 2px !important;padding-left: 2px !important;}&#8221;][vc_single_image image=&#8221;4395&#8243; img_size=&#8221;360&#215;200&#8243; alignment=&#8221;center&#8221; onclick=&#8221;img_link_large&#8221; css=&#8221;.vc_custom_1729606042849{margin-bottom: 5px !important;}&#8221; lightbox=&#8221;yes&#8221; image_gallery=&#8221;yes&#8221; css_params=&#8221;&#8221;][\/vc_column_inner][vc_column_inner width=&#8221;1\/4&#8243; css=&#8221;.vc_custom_1600024449743{padding-right: 2px !important;padding-left: 2px !important;}&#8221;][vc_single_image image=&#8221;4396&#8243; img_size=&#8221;360&#215;200&#8243; alignment=&#8221;center&#8221; onclick=&#8221;img_link_large&#8221; css=&#8221;.vc_custom_1729606049146{margin-bottom: 5px !important;}&#8221; lightbox=&#8221;yes&#8221; image_gallery=&#8221;yes&#8221; css_params=&#8221;&#8221;][\/vc_column_inner][vc_column_inner width=&#8221;1\/4&#8243; css=&#8221;.vc_custom_1600024457742{padding-right: 2px !important;padding-left: 2px !important;}&#8221;][vc_single_image image=&#8221;4397&#8243; img_size=&#8221;360&#215;200&#8243; alignment=&#8221;center&#8221; onclick=&#8221;img_link_large&#8221; css=&#8221;.vc_custom_1729606266584{margin-bottom: 5px !important;}&#8221; lightbox=&#8221;yes&#8221; image_gallery=&#8221;yes&#8221; css_params=&#8221;&#8221;][\/vc_column_inner][vc_column_inner width=&#8221;1\/4&#8243; css=&#8221;.vc_custom_1600024469871{padding-right: 2px !important;padding-left: 2px !important;}&#8221;][vc_single_image image=&#8221;4415&#8243; img_size=&#8221;360&#215;200&#8243; alignment=&#8221;center&#8221; onclick=&#8221;img_link_large&#8221; css=&#8221;.vc_custom_1729606285577{margin-bottom: 5px !important;}&#8221; lightbox=&#8221;yes&#8221; image_gallery=&#8221;yes&#8221; css_params=&#8221;&#8221;][\/vc_column_inner][\/vc_row_inner][\/vc_column][\/vc_row][vc_row full_width=&#8221;stretch_row&#8221; wrap_container=&#8221;yes&#8221; el_class=&#8221;sec-bot&#8221; conditional_render=&#8221;%5B%7B%22value_role%22%3A%22administrator%22%7D%5D&#8221; css_params=&#8221;&#8221;][vc_column width=&#8221;1\/3&#8243; el_class=&#8221;info-box-small-wrap&#8221; css=&#8221;.vc_custom_1596297262157{padding-top: 0px !important;}&#8221; animation_type=&#8221;fadeInLeft&#8221;]<div class=\"porto-sicon-box  wpb_custom_52eb97514e5fac322265b3463025f03f style_2 top-icon\"><div class=\"porto-sicon-top\"><div class=\"porto-just-icon-wrapper porto-icon none\" style=\"color:#a8151c;font-size:40px;\"><i class=\"far fa-check-circle\"><\/i><\/div><\/div><div class=\"porto-sicon-header\"><h3 class=\"porto-sicon-title\" style=\"\">Certifica\u00e7\u00f5es de qualidade<\/h3><\/div> <!-- header --><div class=\"porto-sicon-description\" style=\"\">Estamos em conformidade com as normas ISO 9001 e ISO 13485 e garantimos que nossos produtos atendem \u00e0s normas de certifica\u00e7\u00e3o FDA e CE.<\/div> <!-- description --><\/div><!-- porto-sicon-box -->[\/vc_column][vc_column width=&#8221;1\/3&#8243; animation_type=&#8221;fadeInUp&#8221;]<a class=\"porto-sicon-box-link\" href=\"https:\/\/lacus.com.ar\/wp\/wp-content\/uploads\/2022\/08\/FOR_Cert_ISO_9001_Double%20Care%20Medical_14.04.2021_.pdf\"><div class=\"porto-sicon-box  wpb_custom_52eb97514e5fac322265b3463025f03f style_2 top-icon\"><div class=\"porto-sicon-top\"><div class=\"porto-just-icon-wrapper porto-icon none\" style=\"color:#a8151c;font-size:40px;\"><i class=\"far fa-lightbulb\"><\/i><\/div><\/div><div class=\"porto-sicon-header\"><h3 class=\"porto-sicon-title\" style=\"\">Inova\u00e7\u00e3o e tecnologia<\/h3><\/div> <!-- header --><div class=\"porto-sicon-description\" style=\"color:#777777;\">Nossas instala\u00e7\u00f5es de produ\u00e7\u00e3o de 70.000 metros quadrados utilizam a mais recente tecnologia e sistemas ERP para oferecer um servi\u00e7o de fabrica\u00e7\u00e3o totalmente integrado.<\/div> <!-- description --><\/div><!-- porto-sicon-box --><\/a>[\/vc_column][vc_column width=&#8221;1\/3&#8243; animation_type=&#8221;fadeInRight&#8221;]<div class=\"porto-sicon-box  wpb_custom_52eb97514e5fac322265b3463025f03f style_2 top-icon\"><div class=\"porto-sicon-top\"><div class=\"porto-just-icon-wrapper porto-icon none\" style=\"color:#a8151c;font-size:40px;\"><i class=\"fas fa-trophy\"><\/i><\/div><\/div><div class=\"porto-sicon-header\"><h3 class=\"porto-sicon-title\" style=\"\">Experi\u00eancia e comprometimento<\/h3><\/div> <!-- header --><div class=\"porto-sicon-description\" style=\"\">Com mais de 25 anos de experi\u00eancia no setor, nosso fundador, Kevin Yin, garante um compromisso de 100% com a qualidade e a entrega pontual de nossos produtos.<\/div> <!-- description --><\/div><!-- porto-sicon-box -->[\/vc_column][\/vc_row]<\/p>\n<\/div>","protected":false},"excerpt":{"rendered":"<p>[vc_row][vc_column][vc_column_text][\/vc_column_text][\/vc_column][\/vc_row][vc_row full_width=&#8221;stretch_row&#8221; wrap_container=&#8221;yes&#8221; el_class=&#8221;sec-top&#8221; css=&#8221;.vc_custom_1600521245028{margin-top: 0px !important;margin-bottom: 0px !important;padding-bottom: 0px !important;}&#8221;][vc_column][vc_row_inner content_placement=&#8221;middle&#8221; css_params=&#8221;&#8221;][vc_column_inner width=&#8221;2\/3&#8243;][vc_column_text css=&#8221;&#8221; css_params=&#8221;&#8221;]A Double Care Medical Technology Co., Ltd. \u00e9 uma fabricante especializada em equipamentos m\u00e9dicos e de reabilita\u00e7\u00e3o. Produzimos cadeiras de rodas, banheiros port\u00e1teis, andadores, bengalas e muletas, cadeiras de banho, aparelhos para dormir e muito mais. Nossa empresa est\u00e1 localizada [&hellip;]<\/p>\n","protected":false},"author":5,"featured_media":0,"parent":0,"menu_order":0,"comment_status":"closed","ping_status":"closed","template":"","meta":{"footnotes":""},"class_list":["post-4704","page","type-page","status-publish","hentry"],"_links":{"self":[{"href":"https:\/\/doublecare-medical.com\/pt-br\/wp-json\/wp\/v2\/pages\/4704","targetHints":{"allow":["GET"]}}],"collection":[{"href":"https:\/\/doublecare-medical.com\/pt-br\/wp-json\/wp\/v2\/pages"}],"about":[{"href":"https:\/\/doublecare-medical.com\/pt-br\/wp-json\/wp\/v2\/types\/page"}],"author":[{"embeddable":true,"href":"https:\/\/doublecare-medical.com\/pt-br\/wp-json\/wp\/v2\/users\/5"}],"replies":[{"embeddable":true,"href":"https:\/\/doublecare-medical.com\/pt-br\/wp-json\/wp\/v2\/comments?post=4704"}],"version-history":[{"count":3,"href":"https:\/\/doublecare-medical.com\/pt-br\/wp-json\/wp\/v2\/pages\/4704\/revisions"}],"predecessor-version":[{"id":4715,"href":"https:\/\/doublecare-medical.com\/pt-br\/wp-json\/wp\/v2\/pages\/4704\/revisions\/4715"}],"wp:attachment":[{"href":"https:\/\/doublecare-medical.com\/pt-br\/wp-json\/wp\/v2\/media?parent=4704"}],"curies":[{"name":"wp","href":"https:\/\/api.w.org\/{rel}","templated":true}]}}