{"id":4744,"date":"2024-11-06T10:28:58","date_gmt":"2024-11-06T13:28:58","guid":{"rendered":"https:\/\/doublecare-medical.com\/producto\/hy-6531\/"},"modified":"2025-03-28T11:34:10","modified_gmt":"2025-03-28T14:34:10","slug":"hy-6531","status":"publish","type":"product","link":"https:\/\/doublecare-medical.com\/pt-br\/producto\/hy-6531\/","title":{"rendered":"HY 6606"},"content":{"rendered":"<p><strong>Descri\u00e7\u00e3o:<\/strong> Elevador de banheiro<br \/>\n<strong>Estrutura:<\/strong> Pl\u00e1stico<\/p>\n","protected":false},"excerpt":{"rendered":"<p>Descri\u00e7\u00e3o: Elevador de banheiro Estrutura: Pl\u00e1stico<\/p>\n","protected":false},"featured_media":4745,"comment_status":"open","ping_status":"closed","template":"","meta":[],"product_brand":[],"product_cat":[172],"product_tag":[],"class_list":{"0":"post-4744","1":"product","2":"type-product","3":"status-publish","4":"has-post-thumbnail","6":"product_cat-otros-para-el-hogar-pt-br","8":"first","9":"instock","10":"shipping-taxable","11":"product-type-simple"},"_links":{"self":[{"href":"https:\/\/doublecare-medical.com\/pt-br\/wp-json\/wp\/v2\/product\/4744","targetHints":{"allow":["GET"]}}],"collection":[{"href":"https:\/\/doublecare-medical.com\/pt-br\/wp-json\/wp\/v2\/product"}],"about":[{"href":"https:\/\/doublecare-medical.com\/pt-br\/wp-json\/wp\/v2\/types\/product"}],"replies":[{"embeddable":true,"href":"https:\/\/doublecare-medical.com\/pt-br\/wp-json\/wp\/v2\/comments?post=4744"}],"wp:featuredmedia":[{"embeddable":true,"href":"https:\/\/doublecare-medical.com\/pt-br\/wp-json\/wp\/v2\/media\/4745"}],"wp:attachment":[{"href":"https:\/\/doublecare-medical.com\/pt-br\/wp-json\/wp\/v2\/media?parent=4744"}],"wp:term":[{"taxonomy":"product_brand","embeddable":true,"href":"https:\/\/doublecare-medical.com\/pt-br\/wp-json\/wp\/v2\/product_brand?post=4744"},{"taxonomy":"product_cat","embeddable":true,"href":"https:\/\/doublecare-medical.com\/pt-br\/wp-json\/wp\/v2\/product_cat?post=4744"},{"taxonomy":"product_tag","embeddable":true,"href":"https:\/\/doublecare-medical.com\/pt-br\/wp-json\/wp\/v2\/product_tag?post=4744"}],"curies":[{"name":"wp","href":"https:\/\/api.w.org\/{rel}","templated":true}]}}