{"id":4758,"date":"2024-11-06T10:31:03","date_gmt":"2024-11-06T13:31:03","guid":{"rendered":"https:\/\/doublecare-medical.com\/producto\/hy-8400l3\/"},"modified":"2025-03-27T21:42:45","modified_gmt":"2025-03-28T00:42:45","slug":"hy-8400l3","status":"publish","type":"product","link":"https:\/\/doublecare-medical.com\/pt-br\/producto\/hy-8400l3\/","title":{"rendered":"HY 8400L3"},"content":{"rendered":"<p><strong>Estrutura:<\/strong> Alum\u00ednio<br \/>\n<strong>Acabamento da Estrutura:<\/strong> Pintura Anodizada<br \/>\n<strong>Barra:<\/strong> Simples<br \/>\n<strong>Apoio para os bra\u00e7os com pegada:<\/strong> Sim<br \/>\n<strong>Dobr\u00e1vel:<\/strong> Sim<br \/>\n<strong>Mecanismo de Dobragem:<\/strong> Barras dobr\u00e1veis<br \/>\n<strong>Freios:<\/strong> Sim<br \/>\n<strong>Altura Ajust\u00e1vel:<\/strong> Sim<br \/>\n<strong>Assento:<\/strong> Sim, acolchoado<br \/>\n<strong>Cesta ou Bolso:<\/strong> Sim<br \/>\n<strong>Bacinilha:<\/strong> N\u00e3o<br \/>\n<strong>Rodas:<\/strong> 8&#8243;<\/p>\n<p><strong>Peso L\u00edquido (kg):<\/strong> 8,5<br \/>\n<strong>Largura Total (cm):<\/strong> 66<br \/>\n<strong>Comprimento Total (cm):<\/strong> 47,5<br \/>\n<strong>Altura Total (cm):<\/strong> 80 &#8211; 92<br \/>\n<strong>Peso Suportado (Lbs \/ Kg) (aprox):<\/strong> 300 \/ 136<\/p>\n<p><strong>Dimens\u00e3o da Embalagem em CM (C x L x A):<\/strong> 60 x 19 x 56<\/p>\n","protected":false},"excerpt":{"rendered":"<p>Estrutura: Alum\u00ednio Acabamento da Estrutura: Pintura Anodizada Barra: Simples Apoio para os bra\u00e7os com pegada: Sim Dobr\u00e1vel: Sim Mecanismo de Dobragem: Barras dobr\u00e1veis Freios: Sim Altura Ajust\u00e1vel: Sim Assento: Sim, acolchoado Cesta ou Bolso: Sim Bacinilha: N\u00e3o Rodas: 8&#8243; Peso L\u00edquido (kg): 8,5 Largura Total (cm): 66 Comprimento Total (cm): 47,5 Altura Total (cm): 80 [&hellip;]<\/p>\n","protected":false},"featured_media":4759,"comment_status":"open","ping_status":"closed","template":"","meta":[],"product_brand":[],"product_cat":[164],"product_tag":[],"class_list":{"0":"post-4758","1":"product","2":"type-product","3":"status-publish","4":"has-post-thumbnail","6":"product_cat-rollators-pt-br","8":"first","9":"instock","10":"shipping-taxable","11":"product-type-simple"},"_links":{"self":[{"href":"https:\/\/doublecare-medical.com\/pt-br\/wp-json\/wp\/v2\/product\/4758","targetHints":{"allow":["GET"]}}],"collection":[{"href":"https:\/\/doublecare-medical.com\/pt-br\/wp-json\/wp\/v2\/product"}],"about":[{"href":"https:\/\/doublecare-medical.com\/pt-br\/wp-json\/wp\/v2\/types\/product"}],"replies":[{"embeddable":true,"href":"https:\/\/doublecare-medical.com\/pt-br\/wp-json\/wp\/v2\/comments?post=4758"}],"wp:featuredmedia":[{"embeddable":true,"href":"https:\/\/doublecare-medical.com\/pt-br\/wp-json\/wp\/v2\/media\/4759"}],"wp:attachment":[{"href":"https:\/\/doublecare-medical.com\/pt-br\/wp-json\/wp\/v2\/media?parent=4758"}],"wp:term":[{"taxonomy":"product_brand","embeddable":true,"href":"https:\/\/doublecare-medical.com\/pt-br\/wp-json\/wp\/v2\/product_brand?post=4758"},{"taxonomy":"product_cat","embeddable":true,"href":"https:\/\/doublecare-medical.com\/pt-br\/wp-json\/wp\/v2\/product_cat?post=4758"},{"taxonomy":"product_tag","embeddable":true,"href":"https:\/\/doublecare-medical.com\/pt-br\/wp-json\/wp\/v2\/product_tag?post=4758"}],"curies":[{"name":"wp","href":"https:\/\/api.w.org\/{rel}","templated":true}]}}