{"id":4788,"date":"2024-11-06T10:24:49","date_gmt":"2024-11-06T13:24:49","guid":{"rendered":"https:\/\/doublecare-medical.com\/producto\/hy-7500l-2\/"},"modified":"2025-04-04T22:43:51","modified_gmt":"2025-04-05T01:43:51","slug":"hy-7500l-2","status":"publish","type":"product","link":"https:\/\/doublecare-medical.com\/pt-br\/producto\/hy-7500l-2\/","title":{"rendered":"HY 7220L"},"content":{"rendered":"<p><strong>ESPECIFICA\u00c7\u00d5ES T\u00c9CNICAS<\/strong><\/p>\n<p><strong>Estrutura:<\/strong> Alum\u00ednio<br \/>\n<strong>Acabamento da estrutura:<\/strong> Pintura anodizada<br \/>\n<strong>Al\u00e7a\/Pega:<\/strong> Pl\u00e1stico<br \/>\n<strong>Apoio de m\u00e3o:<\/strong> Sim<br \/>\n<strong>Dobr\u00e1vel:<\/strong> Sim<br \/>\n<strong>Altura ajust\u00e1vel:<\/strong> Sim<br \/>\n<strong>Faixa de altura (cm):<\/strong> 121<br \/>\n<strong>Apoio para os p\u00e9s:<\/strong> Borracha<\/p>\n<p><strong>Peso l\u00edquido (kg):<\/strong> Sem dados<br \/>\n<strong>Largura total (cm):<\/strong> Sem dados<br \/>\n<strong>Comprimento total (cm):<\/strong> Sem dados<br \/>\n<strong>Altura total (cm):<\/strong> Sem dados<br \/>\n<strong>Peso suportado (Lbs \/ Kg):<\/strong> 253 \/ 115<\/p>\n<p><strong>Dimens\u00f5es da embalagem em cm (C x L x A):<\/strong> 66 x 17 x 29<\/p>\n<p>*As imagens s\u00e3o apenas para fins ilustrativos.<\/p>\n<p>**As medidas e pesos indicados acima s\u00e3o aproximados.<\/p>\n","protected":false},"excerpt":{"rendered":"<p>ESPECIFICA\u00c7\u00d5ES T\u00c9CNICAS Estrutura: Alum\u00ednio Acabamento da estrutura: Pintura anodizada Al\u00e7a\/Pega: Pl\u00e1stico Apoio de m\u00e3o: Sim Dobr\u00e1vel: Sim Altura ajust\u00e1vel: Sim Faixa de altura (cm): 121 Apoio para os p\u00e9s: Borracha Peso l\u00edquido (kg): Sem dados Largura total (cm): Sem dados Comprimento total (cm): Sem dados Altura total (cm): Sem dados Peso suportado (Lbs \/ Kg): [&hellip;]<\/p>\n","protected":false},"featured_media":4789,"comment_status":"open","ping_status":"closed","template":"","meta":[],"product_brand":[],"product_cat":[168],"product_tag":[],"class_list":{"0":"post-4788","1":"product","2":"type-product","3":"status-publish","4":"has-post-thumbnail","6":"product_cat-bastones-pt-br","8":"first","9":"instock","10":"shipping-taxable","11":"product-type-simple"},"_links":{"self":[{"href":"https:\/\/doublecare-medical.com\/pt-br\/wp-json\/wp\/v2\/product\/4788","targetHints":{"allow":["GET"]}}],"collection":[{"href":"https:\/\/doublecare-medical.com\/pt-br\/wp-json\/wp\/v2\/product"}],"about":[{"href":"https:\/\/doublecare-medical.com\/pt-br\/wp-json\/wp\/v2\/types\/product"}],"replies":[{"embeddable":true,"href":"https:\/\/doublecare-medical.com\/pt-br\/wp-json\/wp\/v2\/comments?post=4788"}],"wp:featuredmedia":[{"embeddable":true,"href":"https:\/\/doublecare-medical.com\/pt-br\/wp-json\/wp\/v2\/media\/4789"}],"wp:attachment":[{"href":"https:\/\/doublecare-medical.com\/pt-br\/wp-json\/wp\/v2\/media?parent=4788"}],"wp:term":[{"taxonomy":"product_brand","embeddable":true,"href":"https:\/\/doublecare-medical.com\/pt-br\/wp-json\/wp\/v2\/product_brand?post=4788"},{"taxonomy":"product_cat","embeddable":true,"href":"https:\/\/doublecare-medical.com\/pt-br\/wp-json\/wp\/v2\/product_cat?post=4788"},{"taxonomy":"product_tag","embeddable":true,"href":"https:\/\/doublecare-medical.com\/pt-br\/wp-json\/wp\/v2\/product_tag?post=4788"}],"curies":[{"name":"wp","href":"https:\/\/api.w.org\/{rel}","templated":true}]}}