{"id":4792,"date":"2024-11-24T21:44:52","date_gmt":"2024-11-25T00:44:52","guid":{"rendered":"https:\/\/doublecare-medical.com\/producto\/hy-9119\/"},"modified":"2025-04-02T21:56:22","modified_gmt":"2025-04-03T00:56:22","slug":"hy-9119","status":"publish","type":"product","link":"https:\/\/doublecare-medical.com\/pt-br\/producto\/hy-9119\/","title":{"rendered":"HY 9119"},"content":{"rendered":"<div class=\"flex max-w-full flex-col flex-grow\">\n<div class=\"min-h-8 text-message flex w-full flex-col items-end gap-2 whitespace-normal break-words [.text-message+&amp;]:mt-5\" dir=\"auto\" data-message-author-role=\"assistant\" data-message-id=\"4b908e93-ceba-4f7f-b438-8c8063a0dbf7\" data-message-model-slug=\"gpt-4o-mini\">\n<div class=\"flex w-full flex-col gap-1 empty:hidden first:pt-[3px]\">\n<div class=\"markdown prose w-full break-words dark:prose-invert light\">\n<p><strong>ESPECIFICA\u00c7\u00d5ES T\u00c9CNICAS<\/strong><\/p>\n<p><strong>Estrutura:<\/strong> A\u00e7o<br \/>\n<strong>Cruzeta:<\/strong> Simples<br \/>\n<strong>Acabamento da estrutura:<\/strong> Tinta ep\u00f3xi<br \/>\n<strong>Rodas dianteiras:<\/strong> 8&#8243; s\u00f3lidas<br \/>\n<strong>Rodas traseiras:<\/strong> 22\u201d raiadas<br \/>\n<strong>Rodas anti-rolagem:<\/strong> Verifique a disponibilidade<br \/>\n<strong>Roda traseira de libera\u00e7\u00e3o r\u00e1pida:<\/strong> verificar disponibilidade<br \/>\n<strong>Anel de propuls\u00e3o:<\/strong> Pl\u00e1stico<br \/>\n<strong>Pedestal:<\/strong> Remov\u00edvel<br \/>\n<strong>Apoio para os p\u00e9s:<\/strong> Pl\u00e1stico<br \/>\n<strong>Apoio de bra\u00e7o:<\/strong> Flip Up<br \/>\n<strong>Assento\/Encosto:<\/strong> Tecido<br \/>\n<strong>Encosto dobr\u00e1vel:<\/strong> Sim<br \/>\n<strong>Freios de roda:<\/strong> Sim<br \/>\n<strong>Freios do guid\u00e3o:<\/strong> Sim<\/p>\n<p><strong>Peso l\u00edquido (kg):<\/strong> 12,5<br \/>\n<strong>Largura total (cm):<\/strong> 61<br \/>\n<strong>Comprimento total (cm):<\/strong> 100<br \/>\n<strong>Altura total (cm):<\/strong> 87<br \/>\n<strong>Peso suportado (Lbs \/ Kg):<\/strong> 220 \/ 100<\/p>\n<p><strong>Dimens\u00f5es da embalagem em CM (C x L x A):<\/strong> 75 x 26 x 75<\/p>\n<p>*As imagens s\u00e3o apenas para fins ilustrativos.<\/p>\n<p>**As medidas e pesos indicados acima s\u00e3o aproximados.<\/p>\n<\/div>\n<\/div>\n<\/div>\n<\/div>\n","protected":false},"excerpt":{"rendered":"<p>ESPECIFICA\u00c7\u00d5ES T\u00c9CNICAS Estrutura: A\u00e7o Cruzeta: Simples Acabamento da estrutura: Tinta ep\u00f3xi Rodas dianteiras: 8&#8243; s\u00f3lidas Rodas traseiras: 22\u201d raiadas Rodas anti-rolagem: Verifique a disponibilidade Roda traseira de libera\u00e7\u00e3o r\u00e1pida: verificar disponibilidade Anel de propuls\u00e3o: Pl\u00e1stico Pedestal: Remov\u00edvel Apoio para os p\u00e9s: Pl\u00e1stico Apoio de bra\u00e7o: Flip Up Assento\/Encosto: Tecido Encosto dobr\u00e1vel: Sim Freios de roda: [&hellip;]<\/p>\n","protected":false},"featured_media":4793,"comment_status":"open","ping_status":"closed","template":"","meta":[],"product_brand":[],"product_cat":[174,156],"product_tag":[],"class_list":{"0":"post-4792","1":"product","2":"type-product","3":"status-publish","4":"has-post-thumbnail","6":"product_cat-acero-pt-br","7":"product_cat-sillas-de-ruedas-manuales-pt-br","9":"first","10":"instock","11":"shipping-taxable","12":"product-type-simple"},"_links":{"self":[{"href":"https:\/\/doublecare-medical.com\/pt-br\/wp-json\/wp\/v2\/product\/4792","targetHints":{"allow":["GET"]}}],"collection":[{"href":"https:\/\/doublecare-medical.com\/pt-br\/wp-json\/wp\/v2\/product"}],"about":[{"href":"https:\/\/doublecare-medical.com\/pt-br\/wp-json\/wp\/v2\/types\/product"}],"replies":[{"embeddable":true,"href":"https:\/\/doublecare-medical.com\/pt-br\/wp-json\/wp\/v2\/comments?post=4792"}],"wp:featuredmedia":[{"embeddable":true,"href":"https:\/\/doublecare-medical.com\/pt-br\/wp-json\/wp\/v2\/media\/4793"}],"wp:attachment":[{"href":"https:\/\/doublecare-medical.com\/pt-br\/wp-json\/wp\/v2\/media?parent=4792"}],"wp:term":[{"taxonomy":"product_brand","embeddable":true,"href":"https:\/\/doublecare-medical.com\/pt-br\/wp-json\/wp\/v2\/product_brand?post=4792"},{"taxonomy":"product_cat","embeddable":true,"href":"https:\/\/doublecare-medical.com\/pt-br\/wp-json\/wp\/v2\/product_cat?post=4792"},{"taxonomy":"product_tag","embeddable":true,"href":"https:\/\/doublecare-medical.com\/pt-br\/wp-json\/wp\/v2\/product_tag?post=4792"}],"curies":[{"name":"wp","href":"https:\/\/api.w.org\/{rel}","templated":true}]}}