{"id":5239,"date":"2025-02-27T14:52:21","date_gmt":"2025-02-27T17:52:21","guid":{"rendered":"https:\/\/doublecare-medical.com\/producto\/hy-7502l\/"},"modified":"2025-03-04T16:43:38","modified_gmt":"2025-03-04T19:43:38","slug":"hy-7502l","status":"publish","type":"product","link":"https:\/\/doublecare-medical.com\/pt-br\/producto\/hy-7502l\/","title":{"rendered":"HY 7502L"},"content":{"rendered":"<p data-start=\"58\" data-end=\"267\"><strong data-start=\"58\" data-end=\"71\">Estrutura<\/strong>: Alum\u00ednio<br data-start=\"81\" data-end=\"84\" \/><strong data-start=\"84\" data-end=\"111\">Acabamento da Estrutura<\/strong>: Pintura Anodizada<br data-start=\"130\" data-end=\"133\" \/><strong data-start=\"133\" data-end=\"152\">Apoio de Axilas<\/strong>: TPR<br data-start=\"157\" data-end=\"160\" data-is-only-node=\"\" \/><strong data-start=\"160\" data-end=\"175\">Empunhadura<\/strong>: TPR<br data-start=\"180\" data-end=\"183\" \/><strong data-start=\"183\" data-end=\"195\">Dobr\u00e1vel<\/strong>: N\u00e3o<br data-start=\"200\" data-end=\"203\" \/><strong data-start=\"203\" data-end=\"223\">Altura Ajust\u00e1vel<\/strong>: Sim<br data-start=\"228\" data-end=\"231\" \/><strong data-start=\"231\" data-end=\"255\">Descanso para os P\u00e9s<\/strong>: Borracha<\/p>\n<p data-start=\"269\" data-end=\"516\"><strong data-start=\"269\" data-end=\"290\">Peso L\u00edquido (kg)<\/strong>: 1,1<br data-start=\"295\" data-end=\"298\" \/><strong data-start=\"298\" data-end=\"333\">Faixa de Altura do Usu\u00e1rio (cm)<\/strong>: Sem Dados<br data-start=\"344\" data-end=\"347\" \/><strong data-start=\"347\" data-end=\"386\">Faixa de Altura da Empunhadura (cm)<\/strong>: Sem Dados<br data-start=\"397\" data-end=\"400\" data-is-only-node=\"\" \/><strong data-start=\"400\" data-end=\"443\">Faixa de Altura do Apoio de Axilas (cm)<\/strong>: 84 &#8211; 114<br data-start=\"453\" data-end=\"456\" \/><strong data-start=\"456\" data-end=\"503\">Peso Suportado (Lbs \/ Kg) (aproximadamente)<\/strong>: 253 \/ 115<\/p>\n<p data-start=\"518\" data-end=\"578\"><strong data-start=\"518\" data-end=\"562\">Dimens\u00f5es da Embalagem em CM (C x L x A)<\/strong>: 99 x 27 x 28<\/p>\n<p data-start=\"580\" data-end=\"620\"><em data-start=\"580\" data-end=\"620\">As imagens s\u00e3o meramente ilustrativas.<\/em><\/p>\n<p data-start=\"622\" data-end=\"677\" data-is-last-node=\"\" data-is-only-node=\"\">As medidas e pesos indicados acima s\u00e3o aproximados.<\/p>\n","protected":false},"excerpt":{"rendered":"<p>Estrutura: Alum\u00ednioAcabamento da Estrutura: Pintura AnodizadaApoio de Axilas: TPREmpunhadura: TPRDobr\u00e1vel: N\u00e3oAltura Ajust\u00e1vel: SimDescanso para os P\u00e9s: Borracha Peso L\u00edquido (kg): 1,1Faixa de Altura do Usu\u00e1rio (cm): Sem DadosFaixa de Altura da Empunhadura (cm): Sem DadosFaixa de Altura do Apoio de Axilas (cm): 84 &#8211; 114Peso Suportado (Lbs \/ Kg) (aproximadamente): 253 \/ 115 Dimens\u00f5es da [&hellip;]<\/p>\n","protected":false},"featured_media":5227,"comment_status":"open","ping_status":"closed","template":"","meta":[],"product_brand":[],"product_cat":[169],"product_tag":[],"class_list":{"0":"post-5239","1":"product","2":"type-product","3":"status-publish","4":"has-post-thumbnail","6":"product_cat-muletas-pt-br","8":"first","9":"instock","10":"shipping-taxable","11":"product-type-simple"},"_links":{"self":[{"href":"https:\/\/doublecare-medical.com\/pt-br\/wp-json\/wp\/v2\/product\/5239","targetHints":{"allow":["GET"]}}],"collection":[{"href":"https:\/\/doublecare-medical.com\/pt-br\/wp-json\/wp\/v2\/product"}],"about":[{"href":"https:\/\/doublecare-medical.com\/pt-br\/wp-json\/wp\/v2\/types\/product"}],"replies":[{"embeddable":true,"href":"https:\/\/doublecare-medical.com\/pt-br\/wp-json\/wp\/v2\/comments?post=5239"}],"wp:featuredmedia":[{"embeddable":true,"href":"https:\/\/doublecare-medical.com\/pt-br\/wp-json\/wp\/v2\/media\/5227"}],"wp:attachment":[{"href":"https:\/\/doublecare-medical.com\/pt-br\/wp-json\/wp\/v2\/media?parent=5239"}],"wp:term":[{"taxonomy":"product_brand","embeddable":true,"href":"https:\/\/doublecare-medical.com\/pt-br\/wp-json\/wp\/v2\/product_brand?post=5239"},{"taxonomy":"product_cat","embeddable":true,"href":"https:\/\/doublecare-medical.com\/pt-br\/wp-json\/wp\/v2\/product_cat?post=5239"},{"taxonomy":"product_tag","embeddable":true,"href":"https:\/\/doublecare-medical.com\/pt-br\/wp-json\/wp\/v2\/product_tag?post=5239"}],"curies":[{"name":"wp","href":"https:\/\/api.w.org\/{rel}","templated":true}]}}