{"id":5247,"date":"2025-02-24T09:43:03","date_gmt":"2025-02-24T12:43:03","guid":{"rendered":"https:\/\/doublecare-medical.com\/producto\/hy-8899l\/"},"modified":"2025-03-12T11:26:11","modified_gmt":"2025-03-12T14:26:11","slug":"hy-8899l","status":"publish","type":"product","link":"https:\/\/doublecare-medical.com\/pt-br\/producto\/hy-8899l\/","title":{"rendered":"HY 8899L"},"content":{"rendered":"<p><strong>Estrutura:<\/strong> Alum\u00ednio<br \/>\n<strong>Acabamento da estrutura:<\/strong> Tinta l\u00edquida<br \/>\n<strong>Barra:<\/strong> Simples<br \/>\n<strong>Apoio de m\u00e3o Grip:<\/strong> Sim<br \/>\n<strong>Dobr\u00e1vel:<\/strong> Sim<br \/>\n<strong>Mecanismo de dobramento:<\/strong> Com bot\u00e3o<br \/>\n<strong>Freios:<\/strong> Sim<br \/>\n<strong>Altura ajust\u00e1vel:<\/strong> Sim<br \/>\n<strong>Assento:<\/strong> Tecido<br \/>\n<strong>Cesta ou Bolsa:<\/strong> Sim<br \/>\n<strong>Potty:<\/strong> N\u00e3o<br \/>\n<strong>Rodas:<\/strong> 8&#8243;<\/p>\n<p><strong>Peso l\u00edquido (kg):<\/strong> 6,5<br \/>\n<strong>Largura total (cm):<\/strong> 66<br \/>\n<strong>Comprimento total (cm):<\/strong> 48<br \/>\n<strong>Altura total (cm):<\/strong> 80 &#8211; 92<br \/>\n<strong>Peso suportado (Lbs \/ Kg) (aprox.):<\/strong> 300 \/ 136<\/p>\n<p><strong>Dimens\u00f5es da embalagem em CM (C x L x A):<\/strong> 60 x 19 x 56<\/p>\n<p>*As imagens s\u00e3o apenas para fins ilustrativos.<\/p>\n<p>**As medidas e pesos indicados acima s\u00e3o aproximados.<\/p>\n","protected":false},"excerpt":{"rendered":"<p>Estrutura: Alum\u00ednio Acabamento da estrutura: Tinta l\u00edquida Barra: Simples Apoio de m\u00e3o Grip: Sim Dobr\u00e1vel: Sim Mecanismo de dobramento: Com bot\u00e3o Freios: Sim Altura ajust\u00e1vel: Sim Assento: Tecido Cesta ou Bolsa: Sim Potty: N\u00e3o Rodas: 8&#8243; Peso l\u00edquido (kg): 6,5 Largura total (cm): 66 Comprimento total (cm): 48 Altura total (cm): 80 &#8211; 92 Peso [&hellip;]<\/p>\n","protected":false},"featured_media":5165,"comment_status":"open","ping_status":"closed","template":"","meta":[],"product_brand":[],"product_cat":[164],"product_tag":[],"class_list":{"0":"post-5247","1":"product","2":"type-product","3":"status-publish","4":"has-post-thumbnail","6":"product_cat-rollators-pt-br","8":"first","9":"instock","10":"shipping-taxable","11":"product-type-simple"},"_links":{"self":[{"href":"https:\/\/doublecare-medical.com\/pt-br\/wp-json\/wp\/v2\/product\/5247","targetHints":{"allow":["GET"]}}],"collection":[{"href":"https:\/\/doublecare-medical.com\/pt-br\/wp-json\/wp\/v2\/product"}],"about":[{"href":"https:\/\/doublecare-medical.com\/pt-br\/wp-json\/wp\/v2\/types\/product"}],"replies":[{"embeddable":true,"href":"https:\/\/doublecare-medical.com\/pt-br\/wp-json\/wp\/v2\/comments?post=5247"}],"wp:featuredmedia":[{"embeddable":true,"href":"https:\/\/doublecare-medical.com\/pt-br\/wp-json\/wp\/v2\/media\/5165"}],"wp:attachment":[{"href":"https:\/\/doublecare-medical.com\/pt-br\/wp-json\/wp\/v2\/media?parent=5247"}],"wp:term":[{"taxonomy":"product_brand","embeddable":true,"href":"https:\/\/doublecare-medical.com\/pt-br\/wp-json\/wp\/v2\/product_brand?post=5247"},{"taxonomy":"product_cat","embeddable":true,"href":"https:\/\/doublecare-medical.com\/pt-br\/wp-json\/wp\/v2\/product_cat?post=5247"},{"taxonomy":"product_tag","embeddable":true,"href":"https:\/\/doublecare-medical.com\/pt-br\/wp-json\/wp\/v2\/product_tag?post=5247"}],"curies":[{"name":"wp","href":"https:\/\/api.w.org\/{rel}","templated":true}]}}