{"id":5253,"date":"2025-02-24T09:51:31","date_gmt":"2025-02-24T12:51:31","guid":{"rendered":"https:\/\/doublecare-medical.com\/producto\/hy-8433\/"},"modified":"2025-03-27T21:22:20","modified_gmt":"2025-03-28T00:22:20","slug":"hy-8433","status":"publish","type":"product","link":"https:\/\/doublecare-medical.com\/pt-br\/producto\/hy-8433\/","title":{"rendered":"HY 8433"},"content":{"rendered":"<p><strong>Estrutura:<\/strong> A\u00e7o<br \/>\n<strong>Acabamento da estrutura:<\/strong> Tinta ep\u00f3xi<br \/>\n<strong>Barra:<\/strong> Simples<br \/>\n<strong>Al\u00e7a do apoio de m\u00e3o:<\/strong> Sim<br \/>\n<strong>Dobr\u00e1vel:<\/strong> Sim<br \/>\n<strong>Mecanismo de dobramento:<\/strong> Barras dobr\u00e1veis<br \/>\n<strong>Freios:<\/strong> Sim<br \/>\n<strong>Altura ajust\u00e1vel:<\/strong> Sim<br \/>\n<strong>Assento:<\/strong> Nenhum<br \/>\n<strong>Cesta ou bolsa:<\/strong> Sim, cesta e bandeja de suporte<br \/>\n<strong>Pote:<\/strong> N\u00e3o<br \/>\n<strong>Rodas:<\/strong> 8&#8243; Poly Soft<\/p>\n<p><strong>Peso l\u00edquido (kg):<\/strong> 8,6<br \/>\n<strong>Largura total (cm):<\/strong> 59<br \/>\n<strong>Comprimento total (cm):<\/strong> 47<br \/>\n<strong>Altura total (cm):<\/strong> 80 &#8211; 92<br \/>\n<strong>Peso Suportado (lbs \/ kg) (aprox.):<\/strong> 300 \/ 136<\/p>\n<p><strong>Dimens\u00f5es da embalagem (cm) (C x L x A):<\/strong> 55 x 25 x 55<\/p>\n<p>*As imagens s\u00e3o apenas para fins ilustrativos.<\/p>\n<p>**As medidas e pesos indicados acima s\u00e3o aproximados.<\/p>\n","protected":false},"excerpt":{"rendered":"<p>Estrutura: A\u00e7o Acabamento da estrutura: Tinta ep\u00f3xi Barra: Simples Al\u00e7a do apoio de m\u00e3o: Sim Dobr\u00e1vel: Sim Mecanismo de dobramento: Barras dobr\u00e1veis Freios: Sim Altura ajust\u00e1vel: Sim Assento: Nenhum Cesta ou bolsa: Sim, cesta e bandeja de suporte Pote: N\u00e3o Rodas: 8&#8243; Poly Soft Peso l\u00edquido (kg): 8,6 Largura total (cm): 59 Comprimento total (cm): [&hellip;]<\/p>\n","protected":false},"featured_media":5169,"comment_status":"open","ping_status":"closed","template":"","meta":[],"product_brand":[],"product_cat":[164],"product_tag":[],"class_list":{"0":"post-5253","1":"product","2":"type-product","3":"status-publish","4":"has-post-thumbnail","6":"product_cat-rollators-pt-br","8":"first","9":"instock","10":"shipping-taxable","11":"product-type-simple"},"_links":{"self":[{"href":"https:\/\/doublecare-medical.com\/pt-br\/wp-json\/wp\/v2\/product\/5253","targetHints":{"allow":["GET"]}}],"collection":[{"href":"https:\/\/doublecare-medical.com\/pt-br\/wp-json\/wp\/v2\/product"}],"about":[{"href":"https:\/\/doublecare-medical.com\/pt-br\/wp-json\/wp\/v2\/types\/product"}],"replies":[{"embeddable":true,"href":"https:\/\/doublecare-medical.com\/pt-br\/wp-json\/wp\/v2\/comments?post=5253"}],"wp:featuredmedia":[{"embeddable":true,"href":"https:\/\/doublecare-medical.com\/pt-br\/wp-json\/wp\/v2\/media\/5169"}],"wp:attachment":[{"href":"https:\/\/doublecare-medical.com\/pt-br\/wp-json\/wp\/v2\/media?parent=5253"}],"wp:term":[{"taxonomy":"product_brand","embeddable":true,"href":"https:\/\/doublecare-medical.com\/pt-br\/wp-json\/wp\/v2\/product_brand?post=5253"},{"taxonomy":"product_cat","embeddable":true,"href":"https:\/\/doublecare-medical.com\/pt-br\/wp-json\/wp\/v2\/product_cat?post=5253"},{"taxonomy":"product_tag","embeddable":true,"href":"https:\/\/doublecare-medical.com\/pt-br\/wp-json\/wp\/v2\/product_tag?post=5253"}],"curies":[{"name":"wp","href":"https:\/\/api.w.org\/{rel}","templated":true}]}}