{"id":5265,"date":"2025-02-24T09:25:26","date_gmt":"2025-02-24T12:25:26","guid":{"rendered":"https:\/\/doublecare-medical.com\/producto\/hy-8400l1\/"},"modified":"2025-03-27T21:40:17","modified_gmt":"2025-03-28T00:40:17","slug":"hy-8400l1","status":"publish","type":"product","link":"https:\/\/doublecare-medical.com\/pt-br\/producto\/hy-8400l1\/","title":{"rendered":"HY 8400L1"},"content":{"rendered":"<p><strong>Estrutura:<\/strong> A\u00e7o<br \/>\n<strong>Acabamento da estrutura:<\/strong> Tinta l\u00edquida<br \/>\n<strong>Barra:<\/strong> Simples<br \/>\n<strong>Apoio de m\u00e3o Grip:<\/strong> Sim<br \/>\n<strong>Dobr\u00e1vel:<\/strong> Sim<br \/>\n<strong>Mecanismo de dobramento:<\/strong> Barras dobr\u00e1veis<br \/>\n<strong>Freios:<\/strong> Sim<br \/>\n<strong>Altura ajust\u00e1vel:<\/strong> Sim<br \/>\n<strong>Assento:<\/strong> Sim, acolchoado<br \/>\n<strong>Cesta ou Bolsa:<\/strong> Sim, como op\u00e7\u00e3o<br \/>\n<strong>Potty:<\/strong> N\u00e3o<br \/>\n<strong>Rodas:<\/strong> 8&#8243;<\/p>\n<p><strong>Peso l\u00edquido (kg):<\/strong> 12,3<br \/>\n<strong>Largura total (cm):<\/strong> 56<br \/>\n<strong>Comprimento total (cm):<\/strong> 65<br \/>\n<strong>Altura total (cm):<\/strong> 78 &#8211; 89<br \/>\n<strong>Peso suportado (Lbs \/ Kg) (aprox.):<\/strong> 300 \/ 136<\/p>\n<p><strong>Dimens\u00f5es da embalagem em CM (C x L x A):<\/strong> 74 x 22 x 83<\/p>\n<p>*As imagens s\u00e3o apenas para fins ilustrativos.<\/p>\n<p>**As medidas e pesos indicados acima s\u00e3o aproximados.<\/p>\n","protected":false},"excerpt":{"rendered":"<p>Estrutura: A\u00e7o Acabamento da estrutura: Tinta l\u00edquida Barra: Simples Apoio de m\u00e3o Grip: Sim Dobr\u00e1vel: Sim Mecanismo de dobramento: Barras dobr\u00e1veis Freios: Sim Altura ajust\u00e1vel: Sim Assento: Sim, acolchoado Cesta ou Bolsa: Sim, como op\u00e7\u00e3o Potty: N\u00e3o Rodas: 8&#8243; Peso l\u00edquido (kg): 12,3 Largura total (cm): 56 Comprimento total (cm): 65 Altura total (cm): 78 [&hellip;]<\/p>\n","protected":false},"featured_media":5153,"comment_status":"open","ping_status":"closed","template":"","meta":[],"product_brand":[],"product_cat":[164],"product_tag":[],"class_list":{"0":"post-5265","1":"product","2":"type-product","3":"status-publish","4":"has-post-thumbnail","6":"product_cat-rollators-pt-br","8":"first","9":"instock","10":"shipping-taxable","11":"product-type-simple"},"_links":{"self":[{"href":"https:\/\/doublecare-medical.com\/pt-br\/wp-json\/wp\/v2\/product\/5265","targetHints":{"allow":["GET"]}}],"collection":[{"href":"https:\/\/doublecare-medical.com\/pt-br\/wp-json\/wp\/v2\/product"}],"about":[{"href":"https:\/\/doublecare-medical.com\/pt-br\/wp-json\/wp\/v2\/types\/product"}],"replies":[{"embeddable":true,"href":"https:\/\/doublecare-medical.com\/pt-br\/wp-json\/wp\/v2\/comments?post=5265"}],"wp:featuredmedia":[{"embeddable":true,"href":"https:\/\/doublecare-medical.com\/pt-br\/wp-json\/wp\/v2\/media\/5153"}],"wp:attachment":[{"href":"https:\/\/doublecare-medical.com\/pt-br\/wp-json\/wp\/v2\/media?parent=5265"}],"wp:term":[{"taxonomy":"product_brand","embeddable":true,"href":"https:\/\/doublecare-medical.com\/pt-br\/wp-json\/wp\/v2\/product_brand?post=5265"},{"taxonomy":"product_cat","embeddable":true,"href":"https:\/\/doublecare-medical.com\/pt-br\/wp-json\/wp\/v2\/product_cat?post=5265"},{"taxonomy":"product_tag","embeddable":true,"href":"https:\/\/doublecare-medical.com\/pt-br\/wp-json\/wp\/v2\/product_tag?post=5265"}],"curies":[{"name":"wp","href":"https:\/\/api.w.org\/{rel}","templated":true}]}}