{"id":5284,"date":"2024-12-23T22:15:07","date_gmt":"2024-12-24T01:15:07","guid":{"rendered":"https:\/\/doublecare-medical.com\/producto\/hy-6432l\/"},"modified":"2025-03-27T22:48:34","modified_gmt":"2025-03-28T01:48:34","slug":"hy-6432l","status":"publish","type":"product","link":"https:\/\/doublecare-medical.com\/pt-br\/producto\/hy-6432l\/","title":{"rendered":"HY 6432L"},"content":{"rendered":"<p><strong>ESPECIFICA\u00c7\u00d5ES T\u00c9CNICAS<\/strong><\/p>\n<p><strong>Estrutura:<\/strong> Alum\u00ednio<br \/>\n<strong>Acabamento da estrutura:<\/strong> Cromado<br \/>\n<strong>Barra:<\/strong> Simples<br \/>\n<strong>Apoio de bra\u00e7o:<\/strong> Sim<br \/>\n<strong>Desmont\u00e1vel:<\/strong> Sim<br \/>\n<strong>Dobr\u00e1vel:<\/strong> Sim<br \/>\n<strong>Mecanismo de dobramento:<\/strong> Dobra simples<br \/>\n<strong>Apoio para os p\u00e9s:<\/strong> Borracha<br \/>\n<strong>Altura ajust\u00e1vel:<\/strong> Sim<br \/>\n<strong>Assento e tampa:<\/strong> estofamento macio<br \/>\n<strong>Potty:<\/strong> A pedido<br \/>\n<strong>Rodas:<\/strong> N\u00e3o<\/p>\n<p><strong>Peso l\u00edquido (kg):<\/strong> 6,8<br \/>\n<strong>Largura total (cm):<\/strong> 56<br \/>\n<strong>Comprimento total (cm):<\/strong> 47<br \/>\n<strong>Altura total (cm):<\/strong> 85<br \/>\n<strong>Peso suportado (Lbs \/ Kg):<\/strong> 300 \/ 136<br \/>\n<strong>Dimens\u00f5es da embalagem em CM (C x L x A):<\/strong> 95 x 53 x 56<\/p>\n<p>*As imagens s\u00e3o apenas para fins ilustrativos.<br \/>\n**As medidas e pesos indicados acima s\u00e3o aproximados.<\/p>\n","protected":false},"excerpt":{"rendered":"<p>ESPECIFICA\u00c7\u00d5ES T\u00c9CNICAS Estrutura: Alum\u00ednio Acabamento da estrutura: Cromado Barra: Simples Apoio de bra\u00e7o: Sim Desmont\u00e1vel: Sim Dobr\u00e1vel: Sim Mecanismo de dobramento: Dobra simples Apoio para os p\u00e9s: Borracha Altura ajust\u00e1vel: Sim Assento e tampa: estofamento macio Potty: A pedido Rodas: N\u00e3o Peso l\u00edquido (kg): 6,8 Largura total (cm): 56 Comprimento total (cm): 47 Altura total [&hellip;]<\/p>\n","protected":false},"featured_media":5040,"comment_status":"open","ping_status":"closed","template":"","meta":[],"product_brand":[],"product_cat":[160],"product_tag":[],"class_list":{"0":"post-5284","1":"product","2":"type-product","3":"status-publish","4":"has-post-thumbnail","6":"product_cat-inodoros-portatiles-pt-br","8":"first","9":"instock","10":"shipping-taxable","11":"product-type-simple"},"_links":{"self":[{"href":"https:\/\/doublecare-medical.com\/pt-br\/wp-json\/wp\/v2\/product\/5284","targetHints":{"allow":["GET"]}}],"collection":[{"href":"https:\/\/doublecare-medical.com\/pt-br\/wp-json\/wp\/v2\/product"}],"about":[{"href":"https:\/\/doublecare-medical.com\/pt-br\/wp-json\/wp\/v2\/types\/product"}],"replies":[{"embeddable":true,"href":"https:\/\/doublecare-medical.com\/pt-br\/wp-json\/wp\/v2\/comments?post=5284"}],"wp:featuredmedia":[{"embeddable":true,"href":"https:\/\/doublecare-medical.com\/pt-br\/wp-json\/wp\/v2\/media\/5040"}],"wp:attachment":[{"href":"https:\/\/doublecare-medical.com\/pt-br\/wp-json\/wp\/v2\/media?parent=5284"}],"wp:term":[{"taxonomy":"product_brand","embeddable":true,"href":"https:\/\/doublecare-medical.com\/pt-br\/wp-json\/wp\/v2\/product_brand?post=5284"},{"taxonomy":"product_cat","embeddable":true,"href":"https:\/\/doublecare-medical.com\/pt-br\/wp-json\/wp\/v2\/product_cat?post=5284"},{"taxonomy":"product_tag","embeddable":true,"href":"https:\/\/doublecare-medical.com\/pt-br\/wp-json\/wp\/v2\/product_tag?post=5284"}],"curies":[{"name":"wp","href":"https:\/\/api.w.org\/{rel}","templated":true}]}}