{"id":5346,"date":"2025-02-26T23:29:06","date_gmt":"2025-02-27T02:29:06","guid":{"rendered":"https:\/\/doublecare-medical.com\/producto\/sb2t\/"},"modified":"2025-03-29T17:46:05","modified_gmt":"2025-03-29T20:46:05","slug":"sb2t","status":"publish","type":"product","link":"https:\/\/doublecare-medical.com\/pt-br\/producto\/sb2t\/","title":{"rendered":"SB2T"},"content":{"rendered":"<p><strong>ESPECIFICA\u00c7\u00d5ES T\u00c9CNICAS<\/strong><\/p>\n<p><strong>Estrutura:<\/strong> Alum\u00ednio<br \/>\n<strong>Acabamento da estrutura:<\/strong> Anodizado fosco<br \/>\n<strong>Barra:<\/strong> Simples<br \/>\n<strong>Apoio de bra\u00e7o:<\/strong> Sim<br \/>\n<strong>Desmont\u00e1vel:<\/strong> Sim<br \/>\n<strong>Dobr\u00e1vel:<\/strong> N\u00e3o<br \/>\n<strong>Mecanismo de dobramento:<\/strong> N\u00e3o aplic\u00e1vel<br \/>\n<strong>Apoio para os p\u00e9s:<\/strong> N\u00e3o aplic\u00e1vel<br \/>\n<strong>Altura ajust\u00e1vel:<\/strong> Sim, por inclina\u00e7\u00e3o<br \/>\n<strong>Material do assento e\/ou encosto:<\/strong> Acolchoado e Tecido<br \/>\n<strong>Rodas:<\/strong> Sim<\/p>\n<p><strong>Peso l\u00edquido (kg):<\/strong> Sem dados<br \/>\n<strong>Largura total (cm):<\/strong> Sem dados<br \/>\n<strong>Comprimento total (cm):<\/strong> Sem dados<br \/>\n<strong>Altura total (cm):<\/strong> Sem dados<br \/>\n<strong>Peso suportado (Lbs \/ Kg):<\/strong> 300 \/ 136<\/p>\n<p><strong>Dimens\u00f5es da embalagem em cm (C x L x A):<\/strong> Sem dados<\/p>\n<p>*As imagens s\u00e3o apenas para fins ilustrativos.<\/p>\n<p>**As medidas e pesos indicados acima s\u00e3o aproximados.<\/p>\n","protected":false},"excerpt":{"rendered":"<p>ESPECIFICA\u00c7\u00d5ES T\u00c9CNICAS Estrutura: Alum\u00ednio Acabamento da estrutura: Anodizado fosco Barra: Simples Apoio de bra\u00e7o: Sim Desmont\u00e1vel: Sim Dobr\u00e1vel: N\u00e3o Mecanismo de dobramento: N\u00e3o aplic\u00e1vel Apoio para os p\u00e9s: N\u00e3o aplic\u00e1vel Altura ajust\u00e1vel: Sim, por inclina\u00e7\u00e3o Material do assento e\/ou encosto: Acolchoado e Tecido Rodas: Sim Peso l\u00edquido (kg): Sem dados Largura total (cm): Sem dados [&hellip;]<\/p>\n","protected":false},"featured_media":5211,"comment_status":"open","ping_status":"closed","template":"","meta":[],"product_brand":[],"product_cat":[166],"product_tag":[],"class_list":{"0":"post-5346","1":"product","2":"type-product","3":"status-publish","4":"has-post-thumbnail","6":"product_cat-sillas-de-bano-pt-br","8":"first","9":"instock","10":"shipping-taxable","11":"product-type-simple"},"_links":{"self":[{"href":"https:\/\/doublecare-medical.com\/pt-br\/wp-json\/wp\/v2\/product\/5346","targetHints":{"allow":["GET"]}}],"collection":[{"href":"https:\/\/doublecare-medical.com\/pt-br\/wp-json\/wp\/v2\/product"}],"about":[{"href":"https:\/\/doublecare-medical.com\/pt-br\/wp-json\/wp\/v2\/types\/product"}],"replies":[{"embeddable":true,"href":"https:\/\/doublecare-medical.com\/pt-br\/wp-json\/wp\/v2\/comments?post=5346"}],"wp:featuredmedia":[{"embeddable":true,"href":"https:\/\/doublecare-medical.com\/pt-br\/wp-json\/wp\/v2\/media\/5211"}],"wp:attachment":[{"href":"https:\/\/doublecare-medical.com\/pt-br\/wp-json\/wp\/v2\/media?parent=5346"}],"wp:term":[{"taxonomy":"product_brand","embeddable":true,"href":"https:\/\/doublecare-medical.com\/pt-br\/wp-json\/wp\/v2\/product_brand?post=5346"},{"taxonomy":"product_cat","embeddable":true,"href":"https:\/\/doublecare-medical.com\/pt-br\/wp-json\/wp\/v2\/product_cat?post=5346"},{"taxonomy":"product_tag","embeddable":true,"href":"https:\/\/doublecare-medical.com\/pt-br\/wp-json\/wp\/v2\/product_tag?post=5346"}],"curies":[{"name":"wp","href":"https:\/\/api.w.org\/{rel}","templated":true}]}}