{"id":5366,"date":"2025-02-26T23:10:25","date_gmt":"2025-02-27T02:10:25","guid":{"rendered":"https:\/\/doublecare-medical.com\/producto\/hy-3510l\/"},"modified":"2025-03-29T18:15:28","modified_gmt":"2025-03-29T21:15:28","slug":"hy-3510l","status":"publish","type":"product","link":"https:\/\/doublecare-medical.com\/pt-br\/producto\/hy-3510l\/","title":{"rendered":"HY 3510L"},"content":{"rendered":"<p><strong>ESPECIFICA\u00c7\u00d5ES T\u00c9CNICAS<\/strong><\/p>\n<p><strong>Estrutura:<\/strong> Alum\u00ednio<br \/>\n<strong>Acabamento da estrutura:<\/strong> Anodizado<br \/>\n<strong>Barra:<\/strong> Simples<br \/>\n<strong>Apoio de bra\u00e7o:<\/strong> Sim<br \/>\n<strong>Desmont\u00e1vel:<\/strong> Sim<br \/>\n<strong>Dobr\u00e1vel:<\/strong> N\u00e3o<br \/>\n<strong>Mecanismo de dobramento:<\/strong> N\u00e3o aplic\u00e1vel<br \/>\n<strong>Apoio para os p\u00e9s:<\/strong> Borracha<br \/>\n<strong>Altura ajust\u00e1vel:<\/strong> Sim<br \/>\n<strong>Material do assento e\/ou encosto:<\/strong> Polietileno (PE)<br \/>\n<strong>Rodas:<\/strong> N\u00e3o<\/p>\n<p><strong>Peso l\u00edquido (kg):<\/strong> 8,9<br \/>\n<strong>Largura total (cm):<\/strong> 77<br \/>\n<strong>Comprimento total (cm):<\/strong> 53<br \/>\n<strong>Altura total (cm):<\/strong> 81 &#8211; 91<br \/>\n<strong>Peso suportado (Lbs \/ Kg):<\/strong> 300 \/ 136<\/p>\n<p><strong>Dimens\u00f5es da embalagem em CM (C x L x A):<\/strong> 80 x 22 x 45<\/p>\n<p>*As imagens s\u00e3o apenas para fins ilustrativos.<\/p>\n<p>**As medidas e pesos indicados acima s\u00e3o aproximados.<\/p>\n","protected":false},"excerpt":{"rendered":"<p>ESPECIFICA\u00c7\u00d5ES T\u00c9CNICAS Estrutura: Alum\u00ednio Acabamento da estrutura: Anodizado Barra: Simples Apoio de bra\u00e7o: Sim Desmont\u00e1vel: Sim Dobr\u00e1vel: N\u00e3o Mecanismo de dobramento: N\u00e3o aplic\u00e1vel Apoio para os p\u00e9s: Borracha Altura ajust\u00e1vel: Sim Material do assento e\/ou encosto: Polietileno (PE) Rodas: N\u00e3o Peso l\u00edquido (kg): 8,9 Largura total (cm): 77 Comprimento total (cm): 53 Altura total (cm): [&hellip;]<\/p>\n","protected":false},"featured_media":5191,"comment_status":"open","ping_status":"closed","template":"","meta":[],"product_brand":[],"product_cat":[166],"product_tag":[],"class_list":{"0":"post-5366","1":"product","2":"type-product","3":"status-publish","4":"has-post-thumbnail","6":"product_cat-sillas-de-bano-pt-br","8":"first","9":"instock","10":"shipping-taxable","11":"product-type-simple"},"_links":{"self":[{"href":"https:\/\/doublecare-medical.com\/pt-br\/wp-json\/wp\/v2\/product\/5366","targetHints":{"allow":["GET"]}}],"collection":[{"href":"https:\/\/doublecare-medical.com\/pt-br\/wp-json\/wp\/v2\/product"}],"about":[{"href":"https:\/\/doublecare-medical.com\/pt-br\/wp-json\/wp\/v2\/types\/product"}],"replies":[{"embeddable":true,"href":"https:\/\/doublecare-medical.com\/pt-br\/wp-json\/wp\/v2\/comments?post=5366"}],"wp:featuredmedia":[{"embeddable":true,"href":"https:\/\/doublecare-medical.com\/pt-br\/wp-json\/wp\/v2\/media\/5191"}],"wp:attachment":[{"href":"https:\/\/doublecare-medical.com\/pt-br\/wp-json\/wp\/v2\/media?parent=5366"}],"wp:term":[{"taxonomy":"product_brand","embeddable":true,"href":"https:\/\/doublecare-medical.com\/pt-br\/wp-json\/wp\/v2\/product_brand?post=5366"},{"taxonomy":"product_cat","embeddable":true,"href":"https:\/\/doublecare-medical.com\/pt-br\/wp-json\/wp\/v2\/product_cat?post=5366"},{"taxonomy":"product_tag","embeddable":true,"href":"https:\/\/doublecare-medical.com\/pt-br\/wp-json\/wp\/v2\/product_tag?post=5366"}],"curies":[{"name":"wp","href":"https:\/\/api.w.org\/{rel}","templated":true}]}}