{"id":5404,"date":"2024-10-25T10:40:28","date_gmt":"2024-10-25T13:40:28","guid":{"rendered":"https:\/\/doublecare-medical.com\/producto\/hy-9125t\/"},"modified":"2025-03-29T19:20:56","modified_gmt":"2025-03-29T22:20:56","slug":"hy-9125t","status":"publish","type":"product","link":"https:\/\/doublecare-medical.com\/pt-br\/producto\/hy-9125t\/","title":{"rendered":"HY 9125T"},"content":{"rendered":"<p><strong>ESPECIFICA\u00c7\u00d5ES T\u00c9CNICAS<\/strong><\/p>\n<p><strong>Estrutura:<\/strong> A\u00e7o<br \/>\n<strong>Cruzeta:<\/strong> Dupla<br \/>\n<strong>Acabamento da estrutura:<\/strong> Tinta ep\u00f3xi<br \/>\n<strong>Rodas dianteiras:<\/strong> 6&#8243; s\u00f3lidas<br \/>\n<strong>Rodas traseiras:<\/strong> 16\u201d Mag Type<br \/>\n<strong>Rodas anti-rolagem:<\/strong> Verifique a disponibilidade<br \/>\n<strong>Roda traseira de libera\u00e7\u00e3o r\u00e1pida:<\/strong> verificar disponibilidade<br \/>\n<strong>Anel de Propuls\u00e3o:<\/strong> N\u00e3o possui um<br \/>\n<strong>Pedestal:<\/strong> Fixo<br \/>\n<strong>Apoio para os p\u00e9s:<\/strong> Pl\u00e1stico<br \/>\n<strong>Apoio de bra\u00e7o:<\/strong> fixo<br \/>\n<strong>Assento\/Encosto:<\/strong> Tecido<br \/>\n<strong>Encosto dobr\u00e1vel:<\/strong> N\u00e3o<br \/>\n<strong>Freios de roda:<\/strong> Sim<br \/>\n<strong>Freios do guid\u00e3o:<\/strong> Sim<\/p>\n<p><strong>Peso l\u00edquido (kg):<\/strong> 10,3<br \/>\n<strong>Largura total (cm):<\/strong> 61<br \/>\n<strong>Comprimento total (cm):<\/strong> 84<br \/>\n<strong>Altura total (cm):<\/strong> 85<br \/>\n<strong>Peso suportado (Lbs \/ Kg):<\/strong> 220 \/ 100<\/p>\n<p><strong>Dimens\u00f5es da embalagem em CM (C x L x A):<\/strong> 79 x 23 x 86<\/p>\n<p>*As imagens s\u00e3o apenas para fins ilustrativos.<\/p>\n<p>**As medidas e pesos indicados acima s\u00e3o aproximados.<\/p>\n","protected":false},"excerpt":{"rendered":"<p><strong>Cadeira de Transporte de A\u00e7o, a mais acess\u00edvel do seu segmento. Com bra\u00e7os e apoios para os p\u00e9s fixos.<\/strong><\/p>\n","protected":false},"featured_media":5405,"comment_status":"open","ping_status":"closed","template":"","meta":[],"product_brand":[],"product_cat":[156,188],"product_tag":[],"class_list":{"0":"post-5404","1":"product","2":"type-product","3":"status-publish","4":"has-post-thumbnail","6":"product_cat-sillas-de-ruedas-manuales-pt-br","7":"product_cat-transporte-pt-br","9":"first","10":"instock","11":"shipping-taxable","12":"product-type-simple"},"_links":{"self":[{"href":"https:\/\/doublecare-medical.com\/pt-br\/wp-json\/wp\/v2\/product\/5404","targetHints":{"allow":["GET"]}}],"collection":[{"href":"https:\/\/doublecare-medical.com\/pt-br\/wp-json\/wp\/v2\/product"}],"about":[{"href":"https:\/\/doublecare-medical.com\/pt-br\/wp-json\/wp\/v2\/types\/product"}],"replies":[{"embeddable":true,"href":"https:\/\/doublecare-medical.com\/pt-br\/wp-json\/wp\/v2\/comments?post=5404"}],"wp:featuredmedia":[{"embeddable":true,"href":"https:\/\/doublecare-medical.com\/pt-br\/wp-json\/wp\/v2\/media\/5405"}],"wp:attachment":[{"href":"https:\/\/doublecare-medical.com\/pt-br\/wp-json\/wp\/v2\/media?parent=5404"}],"wp:term":[{"taxonomy":"product_brand","embeddable":true,"href":"https:\/\/doublecare-medical.com\/pt-br\/wp-json\/wp\/v2\/product_brand?post=5404"},{"taxonomy":"product_cat","embeddable":true,"href":"https:\/\/doublecare-medical.com\/pt-br\/wp-json\/wp\/v2\/product_cat?post=5404"},{"taxonomy":"product_tag","embeddable":true,"href":"https:\/\/doublecare-medical.com\/pt-br\/wp-json\/wp\/v2\/product_tag?post=5404"}],"curies":[{"name":"wp","href":"https:\/\/api.w.org\/{rel}","templated":true}]}}