{"id":5430,"date":"2024-10-25T10:45:24","date_gmt":"2024-10-25T13:45:24","guid":{"rendered":"https:\/\/doublecare-medical.com\/producto\/hy-9130\/"},"modified":"2025-03-31T15:59:32","modified_gmt":"2025-03-31T18:59:32","slug":"hy-9130","status":"publish","type":"product","link":"https:\/\/doublecare-medical.com\/pt-br\/producto\/hy-9130\/","title":{"rendered":"HY 9130"},"content":{"rendered":"<p><strong>ESPECIFICA\u00c7\u00d5ES T\u00c9CNICAS<\/strong><\/p>\n<p><strong>Estrutura:<\/strong> A\u00e7o Bari\u00e1trico<br \/>\n<strong>Cruzeta:<\/strong> Dupla<br \/>\n<strong>Acabamento da estrutura:<\/strong> Cromado<br \/>\n<strong>Rodas dianteiras:<\/strong> 8&#8243; s\u00f3lidas<br \/>\n<strong>Rodas traseiras:<\/strong> Raios de 24\u201d<br \/>\n<strong>Rodas anti-rolagem:<\/strong> Verifique a disponibilidade<br \/>\n<strong>Roda traseira de libera\u00e7\u00e3o r\u00e1pida:<\/strong> verificar disponibilidade<br \/>\n<strong>Anel de propuls\u00e3o:<\/strong> Met\u00e1lico<br \/>\n<strong>Pedestal:<\/strong> Fixo<br \/>\n<strong>Apoio para os p\u00e9s:<\/strong> Met\u00e1lico<br \/>\n<strong>Apoio de bra\u00e7o:<\/strong> fixo<br \/>\n<strong>Assento\/Encosto:<\/strong> PVC Couro Sint\u00e9tico<br \/>\n<strong>Encosto dobr\u00e1vel:<\/strong> N\u00e3o<br \/>\n<strong>Freios de roda:<\/strong> Sim<br \/>\n<strong>Freios de guid\u00e3o:<\/strong> verificar disponibilidade<\/p>\n<p><strong>Peso l\u00edquido (kg):<\/strong> 17,7<br \/>\n<strong>Largura total (cm):<\/strong> 71<br \/>\n<strong>Comprimento total (cm):<\/strong> 104<br \/>\n<strong>Altura total (cm):<\/strong> 87<br \/>\n<strong>Peso suportado (Lbs \/ Kg):<\/strong> 400 \/ 182<\/p>\n<p><strong>Dimens\u00f5es da embalagem em CM (C x L x A):<\/strong> 93 x 27 x 90<\/p>\n<p>*As imagens s\u00e3o apenas para fins ilustrativos.<\/p>\n<p>**As medidas e pesos indicados acima s\u00e3o aproximados.<\/p>\n","protected":false},"excerpt":{"rendered":"<p>ESPECIFICA\u00c7\u00d5ES T\u00c9CNICAS Estrutura: A\u00e7o Bari\u00e1trico Cruzeta: Dupla Acabamento da estrutura: Cromado Rodas dianteiras: 8&#8243; s\u00f3lidas Rodas traseiras: Raios de 24\u201d Rodas anti-rolagem: Verifique a disponibilidade Roda traseira de libera\u00e7\u00e3o r\u00e1pida: verificar disponibilidade Anel de propuls\u00e3o: Met\u00e1lico Pedestal: Fixo Apoio para os p\u00e9s: Met\u00e1lico Apoio de bra\u00e7o: fixo Assento\/Encosto: PVC Couro Sint\u00e9tico Encosto dobr\u00e1vel: N\u00e3o Freios [&hellip;]<\/p>\n","protected":false},"featured_media":5431,"comment_status":"open","ping_status":"closed","template":"","meta":[],"product_brand":[],"product_cat":[156,184],"product_tag":[],"class_list":{"0":"post-5430","1":"product","2":"type-product","3":"status-publish","4":"has-post-thumbnail","6":"product_cat-sillas-de-ruedas-manuales-pt-br","7":"product_cat-reforcadas","9":"first","10":"instock","11":"shipping-taxable","12":"product-type-simple"},"_links":{"self":[{"href":"https:\/\/doublecare-medical.com\/pt-br\/wp-json\/wp\/v2\/product\/5430","targetHints":{"allow":["GET"]}}],"collection":[{"href":"https:\/\/doublecare-medical.com\/pt-br\/wp-json\/wp\/v2\/product"}],"about":[{"href":"https:\/\/doublecare-medical.com\/pt-br\/wp-json\/wp\/v2\/types\/product"}],"replies":[{"embeddable":true,"href":"https:\/\/doublecare-medical.com\/pt-br\/wp-json\/wp\/v2\/comments?post=5430"}],"wp:featuredmedia":[{"embeddable":true,"href":"https:\/\/doublecare-medical.com\/pt-br\/wp-json\/wp\/v2\/media\/5431"}],"wp:attachment":[{"href":"https:\/\/doublecare-medical.com\/pt-br\/wp-json\/wp\/v2\/media?parent=5430"}],"wp:term":[{"taxonomy":"product_brand","embeddable":true,"href":"https:\/\/doublecare-medical.com\/pt-br\/wp-json\/wp\/v2\/product_brand?post=5430"},{"taxonomy":"product_cat","embeddable":true,"href":"https:\/\/doublecare-medical.com\/pt-br\/wp-json\/wp\/v2\/product_cat?post=5430"},{"taxonomy":"product_tag","embeddable":true,"href":"https:\/\/doublecare-medical.com\/pt-br\/wp-json\/wp\/v2\/product_tag?post=5430"}],"curies":[{"name":"wp","href":"https:\/\/api.w.org\/{rel}","templated":true}]}}