{"id":5439,"date":"2024-12-23T22:34:24","date_gmt":"2024-12-24T01:34:24","guid":{"rendered":"https:\/\/doublecare-medical.com\/producto\/hy-9942\/"},"modified":"2025-04-01T15:07:25","modified_gmt":"2025-04-01T18:07:25","slug":"hy-9942","status":"publish","type":"product","link":"https:\/\/doublecare-medical.com\/pt-br\/producto\/hy-9942\/","title":{"rendered":"HY 9942"},"content":{"rendered":"<p><strong>ESPECIFICA\u00c7\u00d5ES T\u00c9CNICAS<\/strong><\/p>\n<p><strong>Estrutura:<\/strong> A\u00e7o<br \/>\n<strong>Cruzeta:<\/strong> Simples<br \/>\n<strong>Acabamento da estrutura:<\/strong> Cromado<br \/>\n<strong>Rodas dianteiras:<\/strong> 5&#8243; s\u00f3lidas<br \/>\n<strong>Rodas traseiras:<\/strong> s\u00f3lidas 5&#8243;<br \/>\n<strong>Rodas anti-rolagem:<\/strong> Verifique a disponibilidade<br \/>\n<strong>Libera\u00e7\u00e3o r\u00e1pida da roda traseira:<\/strong> N\u00e3o aplic\u00e1vel<br \/>\n<strong>Anel de propuls\u00e3o:<\/strong> N\u00e3o aplic\u00e1vel<br \/>\n<strong>Pedestal:<\/strong> Fixo<br \/>\n<strong>Apoio para os p\u00e9s:<\/strong> Pl\u00e1stico<br \/>\n<strong>Apoio de bra\u00e7o:<\/strong> fixo<br \/>\n<strong>Assento\/Encosto:<\/strong> Couro sint\u00e9tico<br \/>\n<strong>Encosto dobr\u00e1vel:<\/strong> N\u00e3o<br \/>\n<strong>Freios de roda:<\/strong> Sim<br \/>\n<strong>Freios do guid\u00e3o:<\/strong> N\u00e3o<br \/>\n<strong>Potty:<\/strong> Sim<\/p>\n<p><strong>Peso l\u00edquido (kg):<\/strong> 8,8<br \/>\n<strong>Largura total (cm):<\/strong> 55<br \/>\n<strong>Comprimento total (cm):<\/strong> 82<br \/>\n<strong>Altura total (cm):<\/strong> 92<br \/>\n<strong>Peso suportado (Lbs \/ Kg):<\/strong> 300 \/ 136<br \/>\n<strong>Dimens\u00f5es da embalagem em CM (C x L x A):<\/strong> 56 x 32 x 52<\/p>\n<p>*As imagens s\u00e3o apenas para fins ilustrativos.<br \/>\n**As medidas e pesos indicados acima s\u00e3o aproximados.<\/p>\n","protected":false},"excerpt":{"rendered":"<p>ESPECIFICA\u00c7\u00d5ES T\u00c9CNICAS Estrutura: A\u00e7o Cruzeta: Simples Acabamento da estrutura: Cromado Rodas dianteiras: 5&#8243; s\u00f3lidas Rodas traseiras: s\u00f3lidas 5&#8243; Rodas anti-rolagem: Verifique a disponibilidade Libera\u00e7\u00e3o r\u00e1pida da roda traseira: N\u00e3o aplic\u00e1vel Anel de propuls\u00e3o: N\u00e3o aplic\u00e1vel Pedestal: Fixo Apoio para os p\u00e9s: Pl\u00e1stico Apoio de bra\u00e7o: fixo Assento\/Encosto: Couro sint\u00e9tico Encosto dobr\u00e1vel: N\u00e3o Freios de roda: [&hellip;]<\/p>\n","protected":false},"featured_media":5056,"comment_status":"open","ping_status":"closed","template":"","meta":[],"product_brand":[],"product_cat":[156,186],"product_tag":[],"class_list":{"0":"post-5439","1":"product","2":"type-product","3":"status-publish","4":"has-post-thumbnail","6":"product_cat-sillas-de-ruedas-manuales-pt-br","7":"product_cat-sanitarias-pt-br","9":"first","10":"instock","11":"shipping-taxable","12":"product-type-simple"},"_links":{"self":[{"href":"https:\/\/doublecare-medical.com\/pt-br\/wp-json\/wp\/v2\/product\/5439","targetHints":{"allow":["GET"]}}],"collection":[{"href":"https:\/\/doublecare-medical.com\/pt-br\/wp-json\/wp\/v2\/product"}],"about":[{"href":"https:\/\/doublecare-medical.com\/pt-br\/wp-json\/wp\/v2\/types\/product"}],"replies":[{"embeddable":true,"href":"https:\/\/doublecare-medical.com\/pt-br\/wp-json\/wp\/v2\/comments?post=5439"}],"wp:featuredmedia":[{"embeddable":true,"href":"https:\/\/doublecare-medical.com\/pt-br\/wp-json\/wp\/v2\/media\/5056"}],"wp:attachment":[{"href":"https:\/\/doublecare-medical.com\/pt-br\/wp-json\/wp\/v2\/media?parent=5439"}],"wp:term":[{"taxonomy":"product_brand","embeddable":true,"href":"https:\/\/doublecare-medical.com\/pt-br\/wp-json\/wp\/v2\/product_brand?post=5439"},{"taxonomy":"product_cat","embeddable":true,"href":"https:\/\/doublecare-medical.com\/pt-br\/wp-json\/wp\/v2\/product_cat?post=5439"},{"taxonomy":"product_tag","embeddable":true,"href":"https:\/\/doublecare-medical.com\/pt-br\/wp-json\/wp\/v2\/product_tag?post=5439"}],"curies":[{"name":"wp","href":"https:\/\/api.w.org\/{rel}","templated":true}]}}