{"id":5465,"date":"2025-02-22T18:43:08","date_gmt":"2025-02-22T21:43:08","guid":{"rendered":"https:\/\/doublecare-medical.com\/producto\/hy-9127f\/"},"modified":"2025-04-02T21:38:20","modified_gmt":"2025-04-03T00:38:20","slug":"hy-9127f","status":"publish","type":"product","link":"https:\/\/doublecare-medical.com\/pt-br\/producto\/hy-9127f\/","title":{"rendered":"HY 9127F"},"content":{"rendered":"<p><strong>ESPECIFICA\u00c7\u00d5ES T\u00c9CNICAS<\/strong><\/p>\n<p><strong>Estrutura:<\/strong> A\u00e7o<br \/>\n<strong>Cruzeta:<\/strong> Dupla<br \/>\n<strong>Acabamento da estrutura:<\/strong> Tinta ep\u00f3xi<br \/>\n<strong>Rodas dianteiras:<\/strong> 6&#8243; s\u00f3lidas<br \/>\n<strong>Rodas traseiras:<\/strong> 22\u201d raiadas<br \/>\n<strong>Rodas anti-rolagem:<\/strong> Verifique a disponibilidade<br \/>\n<strong>Roda traseira de libera\u00e7\u00e3o r\u00e1pida:<\/strong> verificar disponibilidade<br \/>\n<strong>Anel de propuls\u00e3o:<\/strong> Met\u00e1lico<br \/>\n<strong>Pedestal:<\/strong> Elev\u00e1vel<br \/>\n<strong>Apoio para os p\u00e9s:<\/strong> Met\u00e1lico<br \/>\n<strong>Apoio de bra\u00e7o:<\/strong> ajust\u00e1vel<br \/>\n<strong>Assento \u2013 Encosto:<\/strong> Tecido<br \/>\n<strong>Encosto dobr\u00e1vel:<\/strong> Sim<br \/>\n<strong>Freios de roda:<\/strong> Sim<br \/>\n<strong>Freios do guid\u00e3o:<\/strong> Sim<\/p>\n<p><strong>Peso l\u00edquido (kg):<\/strong> 13,5<br \/>\n<strong>Largura total (cm):<\/strong> 62,5<br \/>\n<strong>Comprimento total (cm):<\/strong> 96<br \/>\n<strong>Altura total (cm):<\/strong> 87,5<br \/>\n<strong>Peso suportado (Lbs \/ Kg):<\/strong> 220 \/ 100<\/p>\n<p><strong>Dimens\u00f5es da embalagem (cm) (C x L x A):<\/strong> 75 x 25 x 74<\/p>\n<p>*As imagens s\u00e3o apenas para fins ilustrativos.<\/p>\n<p>**As medidas e pesos indicados acima s\u00e3o aproximados.<\/p>\n","protected":false},"excerpt":{"rendered":"<p>ESPECIFICA\u00c7\u00d5ES T\u00c9CNICAS Estrutura: A\u00e7o Cruzeta: Dupla Acabamento da estrutura: Tinta ep\u00f3xi Rodas dianteiras: 6&#8243; s\u00f3lidas Rodas traseiras: 22\u201d raiadas Rodas anti-rolagem: Verifique a disponibilidade Roda traseira de libera\u00e7\u00e3o r\u00e1pida: verificar disponibilidade Anel de propuls\u00e3o: Met\u00e1lico Pedestal: Elev\u00e1vel Apoio para os p\u00e9s: Met\u00e1lico Apoio de bra\u00e7o: ajust\u00e1vel Assento \u2013 Encosto: Tecido Encosto dobr\u00e1vel: Sim Freios de [&hellip;]<\/p>\n","protected":false},"featured_media":5097,"comment_status":"open","ping_status":"closed","template":"","meta":[],"product_brand":[],"product_cat":[174,156],"product_tag":[],"class_list":{"0":"post-5465","1":"product","2":"type-product","3":"status-publish","4":"has-post-thumbnail","6":"product_cat-acero-pt-br","7":"product_cat-sillas-de-ruedas-manuales-pt-br","9":"first","10":"instock","11":"shipping-taxable","12":"product-type-simple"},"_links":{"self":[{"href":"https:\/\/doublecare-medical.com\/pt-br\/wp-json\/wp\/v2\/product\/5465","targetHints":{"allow":["GET"]}}],"collection":[{"href":"https:\/\/doublecare-medical.com\/pt-br\/wp-json\/wp\/v2\/product"}],"about":[{"href":"https:\/\/doublecare-medical.com\/pt-br\/wp-json\/wp\/v2\/types\/product"}],"replies":[{"embeddable":true,"href":"https:\/\/doublecare-medical.com\/pt-br\/wp-json\/wp\/v2\/comments?post=5465"}],"wp:featuredmedia":[{"embeddable":true,"href":"https:\/\/doublecare-medical.com\/pt-br\/wp-json\/wp\/v2\/media\/5097"}],"wp:attachment":[{"href":"https:\/\/doublecare-medical.com\/pt-br\/wp-json\/wp\/v2\/media?parent=5465"}],"wp:term":[{"taxonomy":"product_brand","embeddable":true,"href":"https:\/\/doublecare-medical.com\/pt-br\/wp-json\/wp\/v2\/product_brand?post=5465"},{"taxonomy":"product_cat","embeddable":true,"href":"https:\/\/doublecare-medical.com\/pt-br\/wp-json\/wp\/v2\/product_cat?post=5465"},{"taxonomy":"product_tag","embeddable":true,"href":"https:\/\/doublecare-medical.com\/pt-br\/wp-json\/wp\/v2\/product_tag?post=5465"}],"curies":[{"name":"wp","href":"https:\/\/api.w.org\/{rel}","templated":true}]}}