{"id":5480,"date":"2024-10-25T10:44:32","date_gmt":"2024-10-25T13:44:32","guid":{"rendered":"https:\/\/doublecare-medical.com\/producto\/hy-9200\/"},"modified":"2025-04-02T22:07:58","modified_gmt":"2025-04-03T01:07:58","slug":"hy-9200","status":"publish","type":"product","link":"https:\/\/doublecare-medical.com\/pt-br\/producto\/hy-9200\/","title":{"rendered":"HY 9200"},"content":{"rendered":"<p><strong>ESPECIFICA\u00c7\u00d5ES T\u00c9CNICAS<\/strong><\/p>\n<p><strong>Estrutura:<\/strong> A\u00e7o<br \/>\n<strong>Cruzeta:<\/strong> Simples<br \/>\n<strong>Acabamento da estrutura:<\/strong> Cromado<br \/>\n<strong>Rodas dianteiras:<\/strong> 8&#8243; s\u00f3lidas<br \/>\n<strong>Rodas traseiras:<\/strong> Raios de 24\u201d<br \/>\n<strong>Rodas anti-rolagem:<\/strong> Verifique a disponibilidade<br \/>\n<strong>Roda traseira de libera\u00e7\u00e3o r\u00e1pida:<\/strong> verificar disponibilidade<br \/>\n<strong>Anel de propuls\u00e3o:<\/strong> Met\u00e1lico<br \/>\n<strong>Pedestal:<\/strong> Remov\u00edvel<br \/>\n<strong>Apoio para os p\u00e9s:<\/strong> Met\u00e1lico<br \/>\n<strong>Apoio de bra\u00e7o:<\/strong> remov\u00edvel<br \/>\n<strong>Assento\/Encosto:<\/strong> PVC Couro Sint\u00e9tico<br \/>\n<strong>Encosto dobr\u00e1vel:<\/strong> N\u00e3o<br \/>\n<strong>Freios de roda:<\/strong> Sim<br \/>\n<strong>Freios de guid\u00e3o:<\/strong> verificar disponibilidade<\/p>\n<p><strong>Peso l\u00edquido (kg):<\/strong> 15,6<br \/>\n<strong>Largura total (cm):<\/strong> 66<br \/>\n<strong>Comprimento total (cm):<\/strong> 102<br \/>\n<strong>Altura total (cm):<\/strong> 87<br \/>\n<strong>Peso suportado (Lbs \/ Kg):<\/strong> 220 \/ 100<\/p>\n<p><strong>Dimens\u00f5es da embalagem em CM (C x L x A):<\/strong> 78 x 31 x 89<\/p>\n<p>*As imagens s\u00e3o apenas para fins ilustrativos.<\/p>\n<p>**As medidas e pesos indicados acima s\u00e3o aproximados.<\/p>\n","protected":false},"excerpt":{"rendered":"<p>ESPECIFICA\u00c7\u00d5ES T\u00c9CNICAS Estrutura: A\u00e7o Cruzeta: Simples Acabamento da estrutura: Cromado Rodas dianteiras: 8&#8243; s\u00f3lidas Rodas traseiras: Raios de 24\u201d Rodas anti-rolagem: Verifique a disponibilidade Roda traseira de libera\u00e7\u00e3o r\u00e1pida: verificar disponibilidade Anel de propuls\u00e3o: Met\u00e1lico Pedestal: Remov\u00edvel Apoio para os p\u00e9s: Met\u00e1lico Apoio de bra\u00e7o: remov\u00edvel Assento\/Encosto: PVC Couro Sint\u00e9tico Encosto dobr\u00e1vel: N\u00e3o Freios de [&hellip;]<\/p>\n","protected":false},"featured_media":5481,"comment_status":"open","ping_status":"closed","template":"","meta":[],"product_brand":[],"product_cat":[174,156],"product_tag":[],"class_list":{"0":"post-5480","1":"product","2":"type-product","3":"status-publish","4":"has-post-thumbnail","6":"product_cat-acero-pt-br","7":"product_cat-sillas-de-ruedas-manuales-pt-br","9":"first","10":"instock","11":"shipping-taxable","12":"product-type-simple"},"_links":{"self":[{"href":"https:\/\/doublecare-medical.com\/pt-br\/wp-json\/wp\/v2\/product\/5480","targetHints":{"allow":["GET"]}}],"collection":[{"href":"https:\/\/doublecare-medical.com\/pt-br\/wp-json\/wp\/v2\/product"}],"about":[{"href":"https:\/\/doublecare-medical.com\/pt-br\/wp-json\/wp\/v2\/types\/product"}],"replies":[{"embeddable":true,"href":"https:\/\/doublecare-medical.com\/pt-br\/wp-json\/wp\/v2\/comments?post=5480"}],"wp:featuredmedia":[{"embeddable":true,"href":"https:\/\/doublecare-medical.com\/pt-br\/wp-json\/wp\/v2\/media\/5481"}],"wp:attachment":[{"href":"https:\/\/doublecare-medical.com\/pt-br\/wp-json\/wp\/v2\/media?parent=5480"}],"wp:term":[{"taxonomy":"product_brand","embeddable":true,"href":"https:\/\/doublecare-medical.com\/pt-br\/wp-json\/wp\/v2\/product_brand?post=5480"},{"taxonomy":"product_cat","embeddable":true,"href":"https:\/\/doublecare-medical.com\/pt-br\/wp-json\/wp\/v2\/product_cat?post=5480"},{"taxonomy":"product_tag","embeddable":true,"href":"https:\/\/doublecare-medical.com\/pt-br\/wp-json\/wp\/v2\/product_tag?post=5480"}],"curies":[{"name":"wp","href":"https:\/\/api.w.org\/{rel}","templated":true}]}}