{"id":5503,"date":"2025-02-22T18:24:45","date_gmt":"2025-02-22T21:24:45","guid":{"rendered":"https:\/\/doublecare-medical.com\/producto\/hy-9632l\/"},"modified":"2025-04-04T21:51:54","modified_gmt":"2025-04-05T00:51:54","slug":"hy-9632l","status":"publish","type":"product","link":"https:\/\/doublecare-medical.com\/pt-br\/producto\/hy-9632l\/","title":{"rendered":"HY 9632L"},"content":{"rendered":"<p><strong>ESPECIFICA\u00c7\u00d5ES T\u00c9CNICAS<\/strong><\/p>\n<p><strong>Estrutura:<\/strong> Alum\u00ednio<br \/>\n<strong>Cruzeta:<\/strong> Dupla<br \/>\n<strong>Acabamento da estrutura:<\/strong> Pintura<br \/>\n<strong>Rodas dianteiras:<\/strong> 8&#8243; s\u00f3lidas<br \/>\n<strong>Rodas traseiras:<\/strong> 24\u201d Tipo MAG<br \/>\n<strong>Rodas anti-rolagem:<\/strong> Verifique a disponibilidade<br \/>\n<strong>Roda traseira de libera\u00e7\u00e3o r\u00e1pida:<\/strong> verificar disponibilidade<br \/>\n<strong>Anel de propuls\u00e3o:<\/strong> Pl\u00e1stico<br \/>\n<strong>Pedestal:<\/strong> Remov\u00edvel<br \/>\n<strong>Apoio para os p\u00e9s:<\/strong> Pl\u00e1stico<br \/>\n<strong>Apoio de bra\u00e7o:<\/strong> ajust\u00e1vel<br \/>\n<strong>Assento\/Encosto:<\/strong> Tecido<br \/>\n<strong>Encosto dobr\u00e1vel:<\/strong> N\u00e3o<br \/>\n<strong>Freios de roda:<\/strong> Sim<br \/>\n<strong>Freios do guid\u00e3o:<\/strong> N\u00e3o<\/p>\n<p><strong>Peso l\u00edquido (kg):<\/strong> 13<br \/>\n<strong>Largura total (cm):<\/strong> 63<br \/>\n<strong>Comprimento total (cm):<\/strong> 85<br \/>\n<strong>Altura total (cm):<\/strong> 90<br \/>\n<strong>Peso suportado (Lbs \/ Kg):<\/strong> 300 \/ 136<br \/>\n<strong>Dimens\u00f5es da embalagem em CM (C x L x A):<\/strong> 90 x 29 x 86<\/p>\n<p>*As imagens s\u00e3o apenas para fins ilustrativos.<br \/>\n**As medidas e pesos indicados acima s\u00e3o aproximados.<\/p>\n","protected":false},"excerpt":{"rendered":"<p>ESPECIFICA\u00c7\u00d5ES T\u00c9CNICAS Estrutura: Alum\u00ednio Cruzeta: Dupla Acabamento da estrutura: Pintura Rodas dianteiras: 8&#8243; s\u00f3lidas Rodas traseiras: 24\u201d Tipo MAG Rodas anti-rolagem: Verifique a disponibilidade Roda traseira de libera\u00e7\u00e3o r\u00e1pida: verificar disponibilidade Anel de propuls\u00e3o: Pl\u00e1stico Pedestal: Remov\u00edvel Apoio para os p\u00e9s: Pl\u00e1stico Apoio de bra\u00e7o: ajust\u00e1vel Assento\/Encosto: Tecido Encosto dobr\u00e1vel: N\u00e3o Freios de roda: Sim [&hellip;]<\/p>\n","protected":false},"featured_media":5081,"comment_status":"open","ping_status":"closed","template":"","meta":[],"product_brand":[],"product_cat":[178,156],"product_tag":[],"class_list":{"0":"post-5503","1":"product","2":"type-product","3":"status-publish","4":"has-post-thumbnail","6":"product_cat-aluminio-pt-br","7":"product_cat-sillas-de-ruedas-manuales-pt-br","9":"first","10":"instock","11":"shipping-taxable","12":"product-type-simple"},"_links":{"self":[{"href":"https:\/\/doublecare-medical.com\/pt-br\/wp-json\/wp\/v2\/product\/5503","targetHints":{"allow":["GET"]}}],"collection":[{"href":"https:\/\/doublecare-medical.com\/pt-br\/wp-json\/wp\/v2\/product"}],"about":[{"href":"https:\/\/doublecare-medical.com\/pt-br\/wp-json\/wp\/v2\/types\/product"}],"replies":[{"embeddable":true,"href":"https:\/\/doublecare-medical.com\/pt-br\/wp-json\/wp\/v2\/comments?post=5503"}],"wp:featuredmedia":[{"embeddable":true,"href":"https:\/\/doublecare-medical.com\/pt-br\/wp-json\/wp\/v2\/media\/5081"}],"wp:attachment":[{"href":"https:\/\/doublecare-medical.com\/pt-br\/wp-json\/wp\/v2\/media?parent=5503"}],"wp:term":[{"taxonomy":"product_brand","embeddable":true,"href":"https:\/\/doublecare-medical.com\/pt-br\/wp-json\/wp\/v2\/product_brand?post=5503"},{"taxonomy":"product_cat","embeddable":true,"href":"https:\/\/doublecare-medical.com\/pt-br\/wp-json\/wp\/v2\/product_cat?post=5503"},{"taxonomy":"product_tag","embeddable":true,"href":"https:\/\/doublecare-medical.com\/pt-br\/wp-json\/wp\/v2\/product_tag?post=5503"}],"curies":[{"name":"wp","href":"https:\/\/api.w.org\/{rel}","templated":true}]}}