{"id":5529,"date":"2025-02-27T14:47:10","date_gmt":"2025-02-27T17:47:10","guid":{"rendered":"https:\/\/doublecare-medical.com\/producto\/hy-7510l\/"},"modified":"2025-04-04T22:26:17","modified_gmt":"2025-04-05T01:26:17","slug":"hy-7510l","status":"publish","type":"product","link":"https:\/\/doublecare-medical.com\/pt-br\/producto\/hy-7510l\/","title":{"rendered":"HY 7510L"},"content":{"rendered":"<p><strong>ESPECIFICA\u00c7\u00d5ES T\u00c9CNICAS<\/strong><\/p>\n<p><strong>Estrutura:<\/strong> Alum\u00ednio<br \/>\n<strong>Acabamento da estrutura:<\/strong> Pintura anodizada<br \/>\n<strong>Suporte de axila:<\/strong> TPR<br \/>\n<strong>Empunhadura:<\/strong> TPR<br \/>\n<strong>Dobr\u00e1vel:<\/strong> N\u00e3o<br \/>\n<strong>Altura ajust\u00e1vel:<\/strong> Sim<br \/>\n<strong>Apoio para os p\u00e9s:<\/strong> Borracha, com amortecedor<\/p>\n<p><strong>Peso l\u00edquido (kg):<\/strong> 1,1<br \/>\n<strong>Faixa de altura do usu\u00e1rio (cm):<\/strong> Nenhum dado<br \/>\n<strong>Faixa de altura de pegada (cm):<\/strong> Sem dados<br \/>\n<strong>Faixa de altura da axila (cm):<\/strong> 114 &#8211; 134<br \/>\n<strong>Peso suportado (Lbs \/ Kg) (aprox.):<\/strong> 253 \/ 115<\/p>\n<p><strong>Dimens\u00f5es da embalagem em CM (C x L x A):<\/strong> 118 x 27 x 28<\/p>\n<p>*As imagens s\u00e3o apenas para fins ilustrativos.<\/p>\n<p>**As medidas e pesos indicados acima s\u00e3o aproximados.<\/p>\n","protected":false},"excerpt":{"rendered":"<p>ESPECIFICA\u00c7\u00d5ES T\u00c9CNICAS Estrutura: Alum\u00ednio Acabamento da estrutura: Pintura anodizada Suporte de axila: TPR Empunhadura: TPR Dobr\u00e1vel: N\u00e3o Altura ajust\u00e1vel: Sim Apoio para os p\u00e9s: Borracha, com amortecedor Peso l\u00edquido (kg): 1,1 Faixa de altura do usu\u00e1rio (cm): Nenhum dado Faixa de altura de pegada (cm): Sem dados Faixa de altura da axila (cm): 114 &#8211; [&hellip;]<\/p>\n","protected":false},"featured_media":5223,"comment_status":"open","ping_status":"closed","template":"","meta":[],"product_brand":[],"product_cat":[169],"product_tag":[],"class_list":{"0":"post-5529","1":"product","2":"type-product","3":"status-publish","4":"has-post-thumbnail","6":"product_cat-muletas-pt-br","8":"first","9":"instock","10":"shipping-taxable","11":"product-type-simple"},"_links":{"self":[{"href":"https:\/\/doublecare-medical.com\/pt-br\/wp-json\/wp\/v2\/product\/5529","targetHints":{"allow":["GET"]}}],"collection":[{"href":"https:\/\/doublecare-medical.com\/pt-br\/wp-json\/wp\/v2\/product"}],"about":[{"href":"https:\/\/doublecare-medical.com\/pt-br\/wp-json\/wp\/v2\/types\/product"}],"replies":[{"embeddable":true,"href":"https:\/\/doublecare-medical.com\/pt-br\/wp-json\/wp\/v2\/comments?post=5529"}],"wp:featuredmedia":[{"embeddable":true,"href":"https:\/\/doublecare-medical.com\/pt-br\/wp-json\/wp\/v2\/media\/5223"}],"wp:attachment":[{"href":"https:\/\/doublecare-medical.com\/pt-br\/wp-json\/wp\/v2\/media?parent=5529"}],"wp:term":[{"taxonomy":"product_brand","embeddable":true,"href":"https:\/\/doublecare-medical.com\/pt-br\/wp-json\/wp\/v2\/product_brand?post=5529"},{"taxonomy":"product_cat","embeddable":true,"href":"https:\/\/doublecare-medical.com\/pt-br\/wp-json\/wp\/v2\/product_cat?post=5529"},{"taxonomy":"product_tag","embeddable":true,"href":"https:\/\/doublecare-medical.com\/pt-br\/wp-json\/wp\/v2\/product_tag?post=5529"}],"curies":[{"name":"wp","href":"https:\/\/api.w.org\/{rel}","templated":true}]}}