{"id":5594,"date":"2025-08-07T11:30:17","date_gmt":"2025-08-07T14:30:17","guid":{"rendered":"https:\/\/doublecare-medical.com\/producto\/hy-7430lb\/"},"modified":"2025-08-07T22:31:29","modified_gmt":"2025-08-08T01:31:29","slug":"hy-7430lb","status":"publish","type":"product","link":"https:\/\/doublecare-medical.com\/pt-br\/producto\/hy-7430lb\/","title":{"rendered":"HY 7430LB"},"content":{"rendered":"<p><strong>ESPECIFICA\u00c7\u00d5ES T\u00c9CNICAS<\/strong><\/p>\n<p><strong>Estrutura:<\/strong> Alum\u00ednio<br \/>\n<strong>Acabamento da Estrutura:<\/strong> Pintura Anodizada<br \/>\n<strong>Al\u00e7a:<\/strong> Pl\u00e1stico<br \/>\n<strong>Apoio para as M\u00e3os:<\/strong> N\u00e3o<br \/>\n<strong>Dobr\u00e1vel:<\/strong> N\u00e3o<br \/>\n<strong>Altura Ajust\u00e1vel:<\/strong> Sim<br \/>\n<strong>Faixa de Altura (cm):<\/strong> 70 &#8211; 93<br \/>\n<strong>Apoio para os P\u00e9s:<\/strong> Borracha<\/p>\n<p><strong>Peso L\u00edquido (kg):<\/strong> 1,00<br \/>\n<strong>Largura Total (cm):<\/strong> Sem Dados<br \/>\n<strong>Comprimento Total (cm):<\/strong> Sem Dados<br \/>\n<strong>Altura Total (cm):<\/strong> 93<br \/>\n<strong>Peso Suportado (lbs \/ kg):<\/strong> 253 \/ 115<\/p>\n<p><strong>Dimens\u00f5es da Embalagem (cm) (C x L x A):<\/strong> 82 x 58 x 31<\/p>\n<p>*Imagens meramente ilustrativas.<\/p>\n<p>**As medidas e pesos indicados acima s\u00e3o aproximados.<\/p>\n","protected":false},"excerpt":{"rendered":"<p>ESPECIFICA\u00c7\u00d5ES T\u00c9CNICAS Estrutura: Alum\u00ednio Acabamento da Estrutura: Pintura Anodizada Al\u00e7a: Pl\u00e1stico Apoio para as M\u00e3os: N\u00e3o Dobr\u00e1vel: N\u00e3o Altura Ajust\u00e1vel: Sim Faixa de Altura (cm): 70 &#8211; 93 Apoio para os P\u00e9s: Borracha Peso L\u00edquido (kg): 1,00 Largura Total (cm): Sem Dados Comprimento Total (cm): Sem Dados Altura Total (cm): 93 Peso Suportado (lbs \/ [&hellip;]<\/p>\n","protected":false},"featured_media":5579,"comment_status":"open","ping_status":"closed","template":"","meta":[],"product_brand":[],"product_cat":[168],"product_tag":[],"class_list":{"0":"post-5594","1":"product","2":"type-product","3":"status-publish","4":"has-post-thumbnail","6":"product_cat-bastones-pt-br","8":"first","9":"instock","10":"shipping-taxable","11":"product-type-simple"},"_links":{"self":[{"href":"https:\/\/doublecare-medical.com\/pt-br\/wp-json\/wp\/v2\/product\/5594","targetHints":{"allow":["GET"]}}],"collection":[{"href":"https:\/\/doublecare-medical.com\/pt-br\/wp-json\/wp\/v2\/product"}],"about":[{"href":"https:\/\/doublecare-medical.com\/pt-br\/wp-json\/wp\/v2\/types\/product"}],"replies":[{"embeddable":true,"href":"https:\/\/doublecare-medical.com\/pt-br\/wp-json\/wp\/v2\/comments?post=5594"}],"wp:featuredmedia":[{"embeddable":true,"href":"https:\/\/doublecare-medical.com\/pt-br\/wp-json\/wp\/v2\/media\/5579"}],"wp:attachment":[{"href":"https:\/\/doublecare-medical.com\/pt-br\/wp-json\/wp\/v2\/media?parent=5594"}],"wp:term":[{"taxonomy":"product_brand","embeddable":true,"href":"https:\/\/doublecare-medical.com\/pt-br\/wp-json\/wp\/v2\/product_brand?post=5594"},{"taxonomy":"product_cat","embeddable":true,"href":"https:\/\/doublecare-medical.com\/pt-br\/wp-json\/wp\/v2\/product_cat?post=5594"},{"taxonomy":"product_tag","embeddable":true,"href":"https:\/\/doublecare-medical.com\/pt-br\/wp-json\/wp\/v2\/product_tag?post=5594"}],"curies":[{"name":"wp","href":"https:\/\/api.w.org\/{rel}","templated":true}]}}