{"id":5614,"date":"2025-08-07T11:16:46","date_gmt":"2025-08-07T14:16:46","guid":{"rendered":"https:\/\/doublecare-medical.com\/producto\/hy-7100l\/"},"modified":"2025-08-07T23:00:11","modified_gmt":"2025-08-08T02:00:11","slug":"hy-7100l","status":"publish","type":"product","link":"https:\/\/doublecare-medical.com\/pt-br\/producto\/hy-7100l\/","title":{"rendered":"HY 7100L"},"content":{"rendered":"<p><strong>ESPECIFICA\u00c7\u00d5ES T\u00c9CNICAS<\/strong><\/p>\n<p><strong>Estrutura:<\/strong> Alum\u00ednio<br \/>\n<strong>Acabamento da Estrutura:<\/strong> Pintura Ep\u00f3xi<br \/>\n<strong>Al\u00e7a:<\/strong> Pl\u00e1stico<br \/>\n<strong>Al\u00e7a do Apoio para as M\u00e3os:<\/strong> Sim<br \/>\n<strong>Dobr\u00e1vel:<\/strong> Sim<br \/>\n<strong>Altura Ajust\u00e1vel:<\/strong> N\u00e3o<br \/>\n<strong>Faixa de Altura (cm):<\/strong> 119<br \/>\n<strong>Apoio para os P\u00e9s:<\/strong> Pl\u00e1stico<\/p>\n<p><strong>Peso L\u00edquido (kg):<\/strong> 0,30<br \/>\n<strong>Largura Total (cm):<\/strong> Sem Dados<br \/>\n<strong>Comprimento Total (cm):<\/strong> Sem Dados<br \/>\n<strong>Altura Total (cm):<\/strong> 119<br \/>\n<strong>Peso Suportado (Lbs \/ Kg):<\/strong> 66 \/ 30<\/p>\n<p><strong>Dimens\u00f5es da Embalagem em cm (C x L x A):<\/strong> 53 x 13 x 26<\/p>\n<p>*Imagens meramente ilustrativas.<\/p>\n<p>**As medidas e pesos indicados acima s\u00e3o aproximados.<\/p>\n","protected":false},"excerpt":{"rendered":"<p>ESPECIFICA\u00c7\u00d5ES T\u00c9CNICAS Estrutura: Alum\u00ednio Acabamento da Estrutura: Pintura Ep\u00f3xi Al\u00e7a: Pl\u00e1stico Al\u00e7a do Apoio para as M\u00e3os: Sim Dobr\u00e1vel: Sim Altura Ajust\u00e1vel: N\u00e3o Faixa de Altura (cm): 119 Apoio para os P\u00e9s: Pl\u00e1stico Peso L\u00edquido (kg): 0,30 Largura Total (cm): Sem Dados Comprimento Total (cm): Sem Dados Altura Total (cm): 119 Peso Suportado (Lbs \/ [&hellip;]<\/p>\n","protected":false},"featured_media":5559,"comment_status":"open","ping_status":"closed","template":"","meta":[],"product_brand":[],"product_cat":[168],"product_tag":[],"class_list":{"0":"post-5614","1":"product","2":"type-product","3":"status-publish","4":"has-post-thumbnail","6":"product_cat-bastones-pt-br","8":"first","9":"instock","10":"shipping-taxable","11":"product-type-simple"},"_links":{"self":[{"href":"https:\/\/doublecare-medical.com\/pt-br\/wp-json\/wp\/v2\/product\/5614","targetHints":{"allow":["GET"]}}],"collection":[{"href":"https:\/\/doublecare-medical.com\/pt-br\/wp-json\/wp\/v2\/product"}],"about":[{"href":"https:\/\/doublecare-medical.com\/pt-br\/wp-json\/wp\/v2\/types\/product"}],"replies":[{"embeddable":true,"href":"https:\/\/doublecare-medical.com\/pt-br\/wp-json\/wp\/v2\/comments?post=5614"}],"wp:featuredmedia":[{"embeddable":true,"href":"https:\/\/doublecare-medical.com\/pt-br\/wp-json\/wp\/v2\/media\/5559"}],"wp:attachment":[{"href":"https:\/\/doublecare-medical.com\/pt-br\/wp-json\/wp\/v2\/media?parent=5614"}],"wp:term":[{"taxonomy":"product_brand","embeddable":true,"href":"https:\/\/doublecare-medical.com\/pt-br\/wp-json\/wp\/v2\/product_brand?post=5614"},{"taxonomy":"product_cat","embeddable":true,"href":"https:\/\/doublecare-medical.com\/pt-br\/wp-json\/wp\/v2\/product_cat?post=5614"},{"taxonomy":"product_tag","embeddable":true,"href":"https:\/\/doublecare-medical.com\/pt-br\/wp-json\/wp\/v2\/product_tag?post=5614"}],"curies":[{"name":"wp","href":"https:\/\/api.w.org\/{rel}","templated":true}]}}